{"id":1664,"date":"2024-08-20T19:23:09","date_gmt":"2024-08-20T19:23:09","guid":{"rendered":"https:\/\/www.sparqbalustrades.nl\/?page_id=1664"},"modified":"2024-09-03T09:35:02","modified_gmt":"2024-09-03T09:35:02","slug":"erklaering-om-beskyttelse-af-personlige-oplysninger","status":"publish","type":"page","link":"https:\/\/www.sparqbalustrades.nl\/da\/privacyverklaring\/","title":{"rendered":"Erkl\u00e6ring om beskyttelse af personlige oplysninger"},"content":{"rendered":"<p><div class=\"fusion-fullwidth fullwidth-box fusion-builder-row-1 fusion-flex-container has-pattern-background has-mask-background fusion-parallax-none hundred-percent-fullwidth non-hundred-percent-height-scrolling lazyload full-width-right\" style=\"--awb-border-radius-top-left:0px;--awb-border-radius-top-right:0px;--awb-border-radius-bottom-right:0px;--awb-border-radius-bottom-left:0px;--awb-padding-top:0px;--awb-padding-right:0px;--awb-padding-bottom:0px;--awb-padding-left:30px;--awb-min-height:300px;--awb-background-size:cover;--awb-flex-wrap:wrap;\" data-bg=\"\/wp-content\/uploads\/2024\/06\/downloadpagina-header-afbeelding.webp\" ><div class=\"fusion-builder-row fusion-row fusion-flex-align-items-flex-end fusion-flex-justify-content-flex-end fusion-flex-content-wrap\" style=\"width:104% !important;max-width:104% !important;margin-left: calc(-4% \/ 2 );margin-right: calc(-4% \/ 2 );\"><div class=\"fusion-layout-column fusion_builder_column fusion-builder-column-0 fusion_builder_column_3_4 3_4 fusion-flex-column\" style=\"--awb-bg-image:linear-gradient(180deg, var(--awb-color4) 0%,var(--awb-color4) 100%);--awb-bg-size:cover;--awb-width-large:75%;--awb-margin-top-large:0px;--awb-spacing-right-large:0%;--awb-margin-bottom-large:0px;--awb-spacing-left-large:2.56%;--awb-width-medium:75%;--awb-order-medium:0;--awb-spacing-right-medium:0%;--awb-spacing-left-medium:2.56%;--awb-width-small:100%;--awb-order-small:0;--awb-spacing-right-small:1.92%;--awb-spacing-left-small:1.92%;\"><div class=\"fusion-column-wrapper fusion-column-has-shadow fusion-flex-justify-content-flex-start fusion-content-layout-row\"><div class=\"fusion-text fusion-text-1 fusion-text-no-margin subpaginaheader\" style=\"--awb-margin-top:0px;--awb-margin-right:20px;--awb-margin-bottom:0px;--awb-margin-left:20px;\"><h1>Erkl\u00e6ring om beskyttelse af personlige oplysninger<\/h1>\n<\/div><\/div><\/div><\/div><\/div><div class=\"fusion-fullwidth fullwidth-box fusion-builder-row-2 fusion-flex-container has-pattern-background has-mask-background nonhundred-percent-fullwidth non-hundred-percent-height-scrolling\" style=\"--awb-border-radius-top-left:0px;--awb-border-radius-top-right:0px;--awb-border-radius-bottom-right:0px;--awb-border-radius-bottom-left:0px;--awb-padding-top:100px;--awb-padding-bottom:100px;--awb-flex-wrap:wrap;\" ><div class=\"fusion-builder-row fusion-row fusion-flex-align-items-flex-start fusion-flex-content-wrap\" style=\"max-width:1248px;margin-left: calc(-4% \/ 2 );margin-right: calc(-4% \/ 2 );\"><div class=\"fusion-layout-column fusion_builder_column fusion-builder-column-1 fusion_builder_column_1_1 1_1 fusion-flex-column\" style=\"--awb-bg-size:cover;--awb-width-large:100%;--awb-margin-top-large:0px;--awb-spacing-right-large:1.92%;--awb-margin-bottom-large:20px;--awb-spacing-left-large:1.92%;--awb-width-medium:100%;--awb-order-medium:0;--awb-spacing-right-medium:1.92%;--awb-spacing-left-medium:1.92%;--awb-width-small:100%;--awb-order-small:0;--awb-spacing-right-small:1.92%;--awb-spacing-left-small:1.92%;\"><div class=\"fusion-column-wrapper fusion-column-has-shadow fusion-flex-justify-content-flex-start fusion-content-layout-column\"><div class=\"fusion-text fusion-text-2\"><h2>Fortrolighedserkl\u00e6ring SPARQ<\/h2>\n<p>Som en del af vores tjenester behandler vi personoplysninger. Vi har udarbejdet denne erkl\u00e6ring om beskyttelse af personlige oplysninger for at informere dig om, hvordan vi h\u00e5ndterer dine personlige oplysninger.<\/p>\n<p>Denne fortrolighedserkl\u00e6ring blev sidst opdateret den 20. august 2024.<\/p>\n<h3>Kontaktoplysninger<\/h3>\n<p>Personlige data behandles af:<\/p>\n<p>SPARQ BV og SPARQ Balustrades BV (samlet ben\u00e6vnt SPARQ)<\/p>\n<p>Adresse: Ikaros 2<br \/>\nPostnummer og sted: 8448 CJ Heerenveen<br \/>\nTelefonnummer: 0513-617073<br \/>\nE-mail: info@sparqbalustrades.nl<\/p>\n<p>SPARQ indhenter personoplysninger fra dig, f.eks. de oplysninger, du giver os via hjemmesiden, e-mail og telefon, men ogs\u00e5 ved at indg\u00e5 gensidige aftaler. Derudover kan vi indhente dine personoplysninger gennem tredjeparter i forbindelse med vores tjenester.<\/p>\n<h3>Personlige data<\/h3>\n<p>SPARQ behandler f\u00f8lgende kategorier af personoplysninger:<br \/>\nFornavn og efternavn<br \/>\nAdresseoplysninger<br \/>\nFunktion<br \/>\nE-mail-adresse<br \/>\nTelefonnumre<br \/>\nK\u00f8n<br \/>\nNummer p\u00e5 bankkonto<br \/>\nForm\u00e5l<\/p>\n<p>SPARQ behandler disse personoplysninger til forskellige form\u00e5l, f.eks:<br \/>\nOpretholdelse af kontakt, hvis det er n\u00f8dvendigt for at udf\u00f8re eller forbedre vores tjenester;<br \/>\nOpfylde vores forpligtelser i forhold til aftaler og leverancer, som vi har indg\u00e5et med hinanden;<br \/>\nUdf\u00f8relse af n\u00f8dvendige administrative opgaver;<br \/>\nForberedelse, afsendelse, behandling og opkr\u00e6vning af fakturaer;<br \/>\nSende vores nyhedsbrev med oplysninger om vores tjenester og produkter samt eventuelle \u00e6ndringer eller tilf\u00f8jelser til dem;<br \/>\nOverholdelse af juridiske forpligtelser;<br \/>\nBehandling og betaling af fakturaer.<br \/>\nFundamenter<\/p>\n<p>Vi behandler visse personoplysninger for at opfylde din aftale eller for at overholde en juridisk forpligtelse.<\/p>\n<p>Vi behandler ogs\u00e5 personoplysninger, fordi SPARQ har legitime interesser i at g\u00f8re det. Disse legitime interesser er:<\/p>\n<p>Leverer sine tjenester p\u00e5 den mest effektive m\u00e5de;<br \/>\nSende et nyhedsbrev med j\u00e6vne mellemrum;<br \/>\nBeskytter sine \u00f8konomiske interesser;<br \/>\nForbedring af sine tjenester.<br \/>\nHvis personoplysninger behandles p\u00e5 grundlag af samtykke, vil der blive anmodet s\u00e6rskilt om dette p\u00e5 forh\u00e5nd.<\/p>\n<h3>Videregivelse til tredjeparter<\/h3>\n<p>Som en del af sine tjenester kan SPARQ udveksle personoplysninger. SPARQ kan benytte sig af tredjeparter, f.eks. leverand\u00f8rer af vores hjemmeside og vores systemer, til ovenn\u00e6vnte form\u00e5l. I den forbindelse videregives personoplysninger til disse tredjeparter. Disse tredjeparter m\u00e5 kun behandle dine personoplysninger til de n\u00e6vnte form\u00e5l, hvilket ogs\u00e5 er juridisk bindende ved hj\u00e6lp af behandlingsaftaler.<\/p>\n<p>Endelig kan dine personoplysninger blive videregivet til tredjeparter, n\u00e5r SPARQ skal overholde en juridisk forpligtelse.<\/p>\n<h3>Overf\u00f8rsel af dine data uden for E\u00d8S<\/h3>\n<p>Dine personoplysninger vil ikke blive behandlet uden for E\u00d8S. E\u00d8S er Det Europ\u00e6iske \u00d8konomiske Samarbejdsomr\u00e5de, der best\u00e5r af landene i Den Europ\u00e6iske Union, Liechtenstein, Norge og Island.<\/p>\n<p>Dine data kan dog blive gemt af tredjeparter uden for EU, n\u00e5r du bruger LinkedIn eller Facebook til at kontakte dig. Disse parter er \"EU-US Privacy Shield\"-certificerede, s\u00e5 de overholder de europ\u00e6iske regler for beskyttelse af personlige oplysninger.<\/p>\n<h3>Hvor l\u00e6nge vi opbevarer dine data<\/h3>\n<p>SPARQ behandler ikke dine personoplysninger i l\u00e6ngere tid end n\u00f8dvendigt til de form\u00e5l, der er beskrevet i denne privatlivspolitik. Det betyder, at dine personoplysninger vil blive opbevaret, s\u00e5 l\u00e6nge de er n\u00f8dvendige for at opn\u00e5 de p\u00e5g\u00e6ldende form\u00e5l. Visse oplysninger skal opbevares l\u00e6ngere, fordi SPARQ skal overholde lovbestemte opbevaringsforpligtelser, f.eks. den skattem\u00e6ssige opbevaringspligt.<\/p>\n<h3>S\u00e5dan sikrer vi dine data<\/h3>\n<p>Vi mener, at det er vigtigt, at dine personoplysninger er beskyttet mod tab eller uautoriseret adgang til dine personoplysninger. Derfor har SPARQ truffet passende sikkerhedsforanstaltninger.<\/p>\n<h3>Sm\u00e5kager<\/h3>\n<p>Der anvendes kun n\u00f8dvendige funktionelle cookies p\u00e5 webstedet og statistiske cookies til at oprette webstedsstatistikker via google analytics. SPARQ anvender ikke udtrykkeligt sporingscookies.<\/p>\n<h3>Dine rettigheder<\/h3>\n<p>Du har ret til at anmode SPARQ om at gennemg\u00e5 dine personoplysninger. Efter modtagelse af din anmodning vil du inden for 1 m\u00e5ned modtage en oversigt over dine persondata. Hvis disse viser un\u00f8jagtigheder, kan du anmode om, at dine data \u00e6ndres, suppleres, slettes eller blokeres.<\/p>\n<p>Du kan ogs\u00e5 anmode SPARQ om at overf\u00f8re dine personoplysninger eller g\u00f8re indsigelse mod behandlingen af dine personoplysninger p\u00e5 grund af s\u00e6rlige personlige forhold.<\/p>\n<p>Sp\u00f8rgsm\u00e5l om denne erkl\u00e6ring om beskyttelse af personlige oplysninger eller en anmodning om behandling af dine personlige oplysninger skal sendes til SPARQ (se kontaktoplysninger \u00f8verst i denne erkl\u00e6ring).<\/p>\n<p>Hvis du har en klage over SPARQ's behandling af dine personoplysninger, bedes du give os besked. Hvis du ikke kan n\u00e5 til enighed med os, har du ret til at indgive en klage til Datatilsynet. Du kan kontakte Datatilsynet med henblik p\u00e5 dette.<\/p>\n<h3>\u00c6ndringer i fortrolighedserkl\u00e6ringen<\/h3>\n<p>SPARQ kan \u00e6ndre denne erkl\u00e6ring om beskyttelse af personlige oplysninger. Nye versioner offentligg\u00f8res altid p\u00e5 hjemmesiden. Vi anbefaler derfor, at du l\u00e6ser denne erkl\u00e6ring regelm\u00e6ssigt, s\u00e5 du er informeret om eventuelle \u00e6ndringer.<\/p>\n<\/div><\/div><\/div><\/div><\/div><\/p>","protected":false},"excerpt":{"rendered":"","protected":false},"author":1,"featured_media":0,"parent":0,"menu_order":0,"comment_status":"closed","ping_status":"closed","template":"100-width.php","meta":{"footnotes":""},"class_list":["post-1664","page","type-page","status-publish","hentry"],"yoast_head":"<!-- This site is optimized with the Yoast SEO plugin v27.2 - https:\/\/yoast.com\/product\/yoast-seo-wordpress\/ -->\n<title>Privacyverklaring SPARQ balustrades | Uw gegevens zijn veilig<\/title>\n<meta name=\"description\" content=\"Lees hoe SPARQ uw persoonsgegevens verwerkt en beveiligt in onze privacyverklaring. Transparant en volgens de geldende wetgeving.\" \/>\n<meta name=\"robots\" content=\"index, follow, max-snippet:-1, max-image-preview:large, max-video-preview:-1\" \/>\n<link rel=\"canonical\" href=\"https:\/\/www.sparqbalustrades.nl\/da\/erklaering-om-beskyttelse-af-personlige-oplysninger\/\" \/>\n<meta property=\"og:locale\" content=\"da_DK\" \/>\n<meta property=\"og:type\" content=\"article\" \/>\n<meta property=\"og:title\" content=\"Privacyverklaring SPARQ balustrades | Uw gegevens zijn veilig\" \/>\n<meta property=\"og:description\" content=\"Lees hoe SPARQ uw persoonsgegevens verwerkt en beveiligt in onze privacyverklaring. Transparant en volgens de geldende wetgeving.\" \/>\n<meta property=\"og:url\" content=\"https:\/\/www.sparqbalustrades.nl\/da\/erklaering-om-beskyttelse-af-personlige-oplysninger\/\" \/>\n<meta property=\"og:site_name\" content=\"SPARQ Balustrades\" \/>\n<meta property=\"article:publisher\" content=\"https:\/\/www.facebook.com\/profile.php?id=100047334683162\" \/>\n<meta property=\"article:modified_time\" content=\"2024-09-03T09:35:02+00:00\" \/>\n<meta property=\"og:image\" content=\"https:\/\/www.sparqbalustrades.nl\/wp-content\/uploads\/2024\/08\/team2024.webp\" \/>\n\t<meta property=\"og:image:width\" content=\"1920\" \/>\n\t<meta property=\"og:image:height\" content=\"1080\" \/>\n\t<meta property=\"og:image:type\" content=\"image\/webp\" \/>\n<meta name=\"twitter:card\" content=\"summary_large_image\" \/>\n<meta name=\"twitter:label1\" content=\"Estimeret l\u00e6setid\" \/>\n\t<meta name=\"twitter:data1\" content=\"4 minutter\" \/>\n<script type=\"application\/ld+json\" class=\"yoast-schema-graph\">{\"@context\":\"https:\/\/schema.org\",\"@graph\":[{\"@type\":\"WebPage\",\"@id\":\"https:\/\/www.sparqbalustrades.nl\/privacyverklaring\/\",\"url\":\"https:\/\/www.sparqbalustrades.nl\/privacyverklaring\/\",\"name\":\"Privacyverklaring SPARQ balustrades | Uw gegevens zijn veilig\",\"isPartOf\":{\"@id\":\"https:\/\/www.sparqbalustrades.nl\/#website\"},\"datePublished\":\"2024-08-20T19:23:09+00:00\",\"dateModified\":\"2024-09-03T09:35:02+00:00\",\"description\":\"Lees hoe SPARQ uw persoonsgegevens verwerkt en beveiligt in onze privacyverklaring. Transparant en volgens de geldende wetgeving.\",\"breadcrumb\":{\"@id\":\"https:\/\/www.sparqbalustrades.nl\/privacyverklaring\/#breadcrumb\"},\"inLanguage\":\"da-DK\",\"potentialAction\":[{\"@type\":\"ReadAction\",\"target\":[\"https:\/\/www.sparqbalustrades.nl\/privacyverklaring\/\"]}]},{\"@type\":\"BreadcrumbList\",\"@id\":\"https:\/\/www.sparqbalustrades.nl\/privacyverklaring\/#breadcrumb\",\"itemListElement\":[{\"@type\":\"ListItem\",\"position\":1,\"name\":\"Home\",\"item\":\"https:\/\/www.sparqbalustrades.nl\/\"},{\"@type\":\"ListItem\",\"position\":2,\"name\":\"Privacyverklaring\"}]},{\"@type\":\"WebSite\",\"@id\":\"https:\/\/www.sparqbalustrades.nl\/#website\",\"url\":\"https:\/\/www.sparqbalustrades.nl\/\",\"name\":\"SPARQ Balustrades\",\"description\":\"Look Further\",\"publisher\":{\"@id\":\"https:\/\/www.sparqbalustrades.nl\/#organization\"},\"alternateName\":\"De specialist in volglasbalustrades\",\"potentialAction\":[{\"@type\":\"SearchAction\",\"target\":{\"@type\":\"EntryPoint\",\"urlTemplate\":\"https:\/\/www.sparqbalustrades.nl\/?s={search_term_string}\"},\"query-input\":{\"@type\":\"PropertyValueSpecification\",\"valueRequired\":true,\"valueName\":\"search_term_string\"}}],\"inLanguage\":\"da-DK\"},{\"@type\":\"Organization\",\"@id\":\"https:\/\/www.sparqbalustrades.nl\/#organization\",\"name\":\"SPARQ Balustrades\",\"alternateName\":\"SPARQ Volglasbalustrades\",\"url\":\"https:\/\/www.sparqbalustrades.nl\/\",\"logo\":{\"@type\":\"ImageObject\",\"inLanguage\":\"da-DK\",\"@id\":\"https:\/\/www.sparqbalustrades.nl\/#\/schema\/logo\/image\/\",\"url\":\"https:\/\/www.sparqbalustrades.nl\/wp-content\/uploads\/2024\/08\/team2024.webp\",\"contentUrl\":\"https:\/\/www.sparqbalustrades.nl\/wp-content\/uploads\/2024\/08\/team2024.webp\",\"width\":1920,\"height\":1080,\"caption\":\"SPARQ Balustrades\"},\"image\":{\"@id\":\"https:\/\/www.sparqbalustrades.nl\/#\/schema\/logo\/image\/\"},\"sameAs\":[\"https:\/\/www.facebook.com\/profile.php?id=100047334683162\",\"https:\/\/www.instagram.com\/sparqbalustrades\/\",\"https:\/\/nl.pinterest.com\/sparq_balustrades\/\",\"https:\/\/www.youtube.com\/channel\/UCJX3WLp4-Tp8NXgbXmxz_2g\",\"https:\/\/www.linkedin.com\/company\/sparq-balustrades\/\"]}]}<\/script>\n<!-- \/ Yoast SEO plugin. -->","yoast_head_json":{"title":"Fortrolighedserkl\u00e6ring SPARQ balustrader | Dine data er sikre","description":"Find ud af, hvordan SPARQ behandler og sikrer dine personlige data i vores erkl\u00e6ring om beskyttelse af personlige oplysninger. Gennemsigtig og i overensstemmelse med g\u00e6ldende lovgivning.","robots":{"index":"index","follow":"follow","max-snippet":"max-snippet:-1","max-image-preview":"max-image-preview:large","max-video-preview":"max-video-preview:-1"},"canonical":"https:\/\/www.sparqbalustrades.nl\/da\/erklaering-om-beskyttelse-af-personlige-oplysninger\/","og_locale":"da_DK","og_type":"article","og_title":"Privacyverklaring SPARQ balustrades | Uw gegevens zijn veilig","og_description":"Lees hoe SPARQ uw persoonsgegevens verwerkt en beveiligt in onze privacyverklaring. Transparant en volgens de geldende wetgeving.","og_url":"https:\/\/www.sparqbalustrades.nl\/da\/erklaering-om-beskyttelse-af-personlige-oplysninger\/","og_site_name":"SPARQ Balustrades","article_publisher":"https:\/\/www.facebook.com\/profile.php?id=100047334683162","article_modified_time":"2024-09-03T09:35:02+00:00","og_image":[{"width":1920,"height":1080,"url":"https:\/\/www.sparqbalustrades.nl\/wp-content\/uploads\/2024\/08\/team2024.webp","type":"image\/webp"}],"twitter_card":"summary_large_image","twitter_misc":{"Estimeret l\u00e6setid":"4 minutter"},"schema":{"@context":"https:\/\/schema.org","@graph":[{"@type":"WebPage","@id":"https:\/\/www.sparqbalustrades.nl\/privacyverklaring\/","url":"https:\/\/www.sparqbalustrades.nl\/privacyverklaring\/","name":"Fortrolighedserkl\u00e6ring SPARQ balustrader | Dine data er sikre","isPartOf":{"@id":"https:\/\/www.sparqbalustrades.nl\/#website"},"datePublished":"2024-08-20T19:23:09+00:00","dateModified":"2024-09-03T09:35:02+00:00","description":"Find ud af, hvordan SPARQ behandler og sikrer dine personlige data i vores erkl\u00e6ring om beskyttelse af personlige oplysninger. Gennemsigtig og i overensstemmelse med g\u00e6ldende lovgivning.","breadcrumb":{"@id":"https:\/\/www.sparqbalustrades.nl\/privacyverklaring\/#breadcrumb"},"inLanguage":"da-DK","potentialAction":[{"@type":"ReadAction","target":["https:\/\/www.sparqbalustrades.nl\/privacyverklaring\/"]}]},{"@type":"BreadcrumbList","@id":"https:\/\/www.sparqbalustrades.nl\/privacyverklaring\/#breadcrumb","itemListElement":[{"@type":"ListItem","position":1,"name":"Home","item":"https:\/\/www.sparqbalustrades.nl\/"},{"@type":"ListItem","position":2,"name":"Privacyverklaring"}]},{"@type":"WebSite","@id":"https:\/\/www.sparqbalustrades.nl\/#website","url":"https:\/\/www.sparqbalustrades.nl\/","name":"SPARQ Gel\u00e6ndere","description":"Se l\u00e6ngere frem","publisher":{"@id":"https:\/\/www.sparqbalustrades.nl\/#organization"},"alternateName":"De specialist in volglasbalustrades","potentialAction":[{"@type":"SearchAction","target":{"@type":"EntryPoint","urlTemplate":"https:\/\/www.sparqbalustrades.nl\/?s={search_term_string}"},"query-input":{"@type":"PropertyValueSpecification","valueRequired":true,"valueName":"search_term_string"}}],"inLanguage":"da-DK"},{"@type":"Organization","@id":"https:\/\/www.sparqbalustrades.nl\/#organization","name":"SPARQ Gel\u00e6ndere","alternateName":"SPARQ Volglasbalustrades","url":"https:\/\/www.sparqbalustrades.nl\/","logo":{"@type":"ImageObject","inLanguage":"da-DK","@id":"https:\/\/www.sparqbalustrades.nl\/#\/schema\/logo\/image\/","url":"https:\/\/www.sparqbalustrades.nl\/wp-content\/uploads\/2024\/08\/team2024.webp","contentUrl":"https:\/\/www.sparqbalustrades.nl\/wp-content\/uploads\/2024\/08\/team2024.webp","width":1920,"height":1080,"caption":"SPARQ Balustrades"},"image":{"@id":"https:\/\/www.sparqbalustrades.nl\/#\/schema\/logo\/image\/"},"sameAs":["https:\/\/www.facebook.com\/profile.php?id=100047334683162","https:\/\/www.instagram.com\/sparqbalustrades\/","https:\/\/nl.pinterest.com\/sparq_balustrades\/","https:\/\/www.youtube.com\/channel\/UCJX3WLp4-Tp8NXgbXmxz_2g","https:\/\/www.linkedin.com\/company\/sparq-balustrades\/"]}]}},"_links":{"self":[{"href":"https:\/\/www.sparqbalustrades.nl\/da\/wp-json\/wp\/v2\/pages\/1664","targetHints":{"allow":["GET"]}}],"collection":[{"href":"https:\/\/www.sparqbalustrades.nl\/da\/wp-json\/wp\/v2\/pages"}],"about":[{"href":"https:\/\/www.sparqbalustrades.nl\/da\/wp-json\/wp\/v2\/types\/page"}],"author":[{"embeddable":true,"href":"https:\/\/www.sparqbalustrades.nl\/da\/wp-json\/wp\/v2\/users\/1"}],"replies":[{"embeddable":true,"href":"https:\/\/www.sparqbalustrades.nl\/da\/wp-json\/wp\/v2\/comments?post=1664"}],"version-history":[{"count":6,"href":"https:\/\/www.sparqbalustrades.nl\/da\/wp-json\/wp\/v2\/pages\/1664\/revisions"}],"predecessor-version":[{"id":1688,"href":"https:\/\/www.sparqbalustrades.nl\/da\/wp-json\/wp\/v2\/pages\/1664\/revisions\/1688"}],"wp:attachment":[{"href":"https:\/\/www.sparqbalustrades.nl\/da\/wp-json\/wp\/v2\/media?parent=1664"}],"curies":[{"name":"wp","href":"https:\/\/api.w.org\/{rel}","templated":true}]}}