{"id":317,"date":"2024-04-30T09:43:20","date_gmt":"2024-04-30T09:43:20","guid":{"rendered":"https:\/\/www.sparqbalustrades.nl\/?page_id=317"},"modified":"2025-09-26T13:29:11","modified_gmt":"2025-09-26T13:29:11","slug":"downloads","status":"publish","type":"page","link":"https:\/\/www.sparqbalustrades.nl\/da\/downloads\/","title":{"rendered":"Downloads"},"content":{"rendered":"<p><div class=\"fusion-fullwidth fullwidth-box fusion-builder-row-1 fusion-flex-container has-pattern-background has-mask-background fusion-parallax-none hundred-percent-fullwidth non-hundred-percent-height-scrolling lazyload full-width-right\" style=\"--awb-border-radius-top-left:0px;--awb-border-radius-top-right:0px;--awb-border-radius-bottom-right:0px;--awb-border-radius-bottom-left:0px;--awb-padding-top:0px;--awb-padding-right:0px;--awb-padding-bottom:0px;--awb-padding-left:30px;--awb-min-height:300px;--awb-background-size:cover;--awb-flex-wrap:wrap;\" data-bg=\"\/wp-content\/uploads\/2024\/06\/downloadpagina-header-afbeelding.webp\" ><div class=\"fusion-builder-row fusion-row fusion-flex-align-items-flex-end fusion-flex-justify-content-flex-end fusion-flex-content-wrap\" style=\"width:104% !important;max-width:104% !important;margin-left: calc(-4% \/ 2 );margin-right: calc(-4% \/ 2 );\"><div class=\"fusion-layout-column fusion_builder_column fusion-builder-column-0 fusion_builder_column_3_4 3_4 fusion-flex-column\" style=\"--awb-bg-image:linear-gradient(180deg, var(--awb-color4) 0%,var(--awb-color4) 100%);--awb-bg-size:cover;--awb-width-large:75%;--awb-margin-top-large:0px;--awb-spacing-right-large:0%;--awb-margin-bottom-large:0px;--awb-spacing-left-large:2.56%;--awb-width-medium:75%;--awb-order-medium:0;--awb-spacing-right-medium:0%;--awb-spacing-left-medium:2.56%;--awb-width-small:100%;--awb-order-small:0;--awb-spacing-right-small:1.92%;--awb-spacing-left-small:1.92%;\"><div class=\"fusion-column-wrapper fusion-column-has-shadow fusion-flex-justify-content-flex-start fusion-content-layout-row\"><div class=\"fusion-text fusion-text-1 fusion-text-no-margin subpaginaheader\" style=\"--awb-margin-top:0px;--awb-margin-right:20px;--awb-margin-bottom:0px;--awb-margin-left:20px;\"><h1>Downloads<\/h1>\n<\/div><\/div><\/div><\/div><\/div><div class=\"fusion-fullwidth fullwidth-box fusion-builder-row-2 fusion-flex-container has-pattern-background has-mask-background nonhundred-percent-fullwidth non-hundred-percent-height-scrolling\" style=\"--awb-border-radius-top-left:0px;--awb-border-radius-top-right:0px;--awb-border-radius-bottom-right:0px;--awb-border-radius-bottom-left:0px;--awb-padding-top:100px;--awb-padding-bottom:70px;--awb-background-color:var(--awb-color2);--awb-flex-wrap:wrap;\" ><div class=\"awb-background-mask\" style=\"background-image:  url(\/wp-content\/uploads\/2024\/05\/atomlinesafbeelding3.svg);opacity: 0.25 ;transform: scale(1, 1);mix-blend-mode:normal;\"><\/div><div class=\"fusion-builder-row fusion-row fusion-flex-align-items-flex-start fusion-flex-content-wrap\" style=\"max-width:1248px;margin-left: calc(-4% \/ 2 );margin-right: calc(-4% \/ 2 );\"><div class=\"fusion-layout-column fusion_builder_column fusion-builder-column-1 fusion_builder_column_1_3 1_3 fusion-flex-column\" style=\"--awb-bg-size:cover;--awb-width-large:33.333333333333%;--awb-margin-top-large:0px;--awb-spacing-right-large:5.76%;--awb-margin-bottom-large:20px;--awb-spacing-left-large:5.76%;--awb-width-medium:33.333333333333%;--awb-order-medium:0;--awb-spacing-right-medium:5.76%;--awb-spacing-left-medium:5.76%;--awb-width-small:100%;--awb-order-small:0;--awb-spacing-right-small:1.92%;--awb-spacing-left-small:1.92%;\"><div class=\"fusion-column-wrapper fusion-column-has-shadow fusion-flex-justify-content-flex-start fusion-content-layout-column\"><div class=\"fusion-text fusion-text-2\"><h2 class=\"fusion-responsive-typography-calculated\" style=\"--fontsize: 24; line-height: 1.2;\" data-fontsize=\"24\" data-lineheight=\"28.8px\">Tegningsfiler<\/h2>\n<ul>\n<li><a href=\"\/wp-content\/uploads\/2025\/03\/ALLE-SPARQDELEN-01-2025.dwg\">Alle SPARQ-reservedele<\/a><\/li>\n<li><a href=\"\/wp-content\/uploads\/2024\/06\/J-LINE.dwg\">SPARQ J-Line fransk altan - dwg<\/a><\/li>\n<li><a href=\"\/wp-content\/uploads\/2025\/01\/ALLE-SPARQDELEN-10-2024-TBV-IFC.ifc\" download=\"\">SPARQ-dele 3D (IFC)<\/a><\/li>\n<\/ul>\n<h2 class=\"fusion-responsive-typography-calculated\" style=\"--fontsize: 24; line-height: 1.2;\" data-fontsize=\"24\" data-lineheight=\"28.8px\">Montagevejledninger<\/h2>\n<ul>\n<li><a href=\"\/wp-content\/uploads\/2024\/06\/Montagehandleiding-U-Line-top-beton.pdf\" target=\"_blank\" rel=\"noopener noreferrer\">U-Line top<\/a><\/li>\n<li><a href=\"\/wp-content\/uploads\/2024\/06\/Montagehandleiding-U-Line-zij-beton.pdf\" target=\"_blank\" rel=\"noopener noreferrer\">U-Line side<\/a><\/li>\n<li><a href=\"\/wp-content\/uploads\/2024\/06\/Montagehandleiding-V-Line-top-beton.pdf\" target=\"_blank\" rel=\"noopener noreferrer\">V-Line<\/a><\/li>\n<li><a href=\"\/wp-content\/uploads\/2024\/06\/Montagehandleiding-Y-Line-zij-beton.pdf\" target=\"_blank\" rel=\"noopener noreferrer\">Y-linje<\/a><\/li>\n<\/ul>\n<h2 class=\"fusion-responsive-typography-calculated\" style=\"--fontsize: 24; line-height: 1.2;\" data-fontsize=\"24\" data-lineheight=\"28.8px\">Specifikationstekster<\/h2>\n<ul>\n<li><a href=\"\/wp-content\/uploads\/2024\/06\/Bestektekst-U-Line-top.docx\">SPARQ U-Line Top<\/a><\/li>\n<li><a href=\"\/wp-content\/uploads\/2024\/06\/Bestektekst-U-Line-zij.docx\">SPARQ U-Line Side<\/a><\/li>\n<li><a href=\"\/wp-content\/uploads\/2024\/06\/Bestektekst-V-Line-top.docx\">SPARQ V-line top<\/a><\/li>\n<li><a href=\"\/wp-content\/uploads\/2024\/06\/Bestektekst-Y-Line-zij.docx\">SPARQ Y-linje side<\/a><\/li>\n<li><a href=\"\/wp-content\/uploads\/2024\/06\/Bestektekst-J-Line-Frans-balkon.docx\">SPARQ J-Line fransk altan<\/a><\/li>\n<\/ul>\n<\/div><\/div><\/div><div class=\"fusion-layout-column fusion_builder_column fusion-builder-column-2 fusion_builder_column_1_3 1_3 fusion-flex-column\" style=\"--awb-bg-size:cover;--awb-width-large:33.333333333333%;--awb-margin-top-large:0px;--awb-spacing-right-large:5.76%;--awb-margin-bottom-large:20px;--awb-spacing-left-large:5.76%;--awb-width-medium:33.333333333333%;--awb-order-medium:0;--awb-spacing-right-medium:5.76%;--awb-spacing-left-medium:5.76%;--awb-width-small:100%;--awb-order-small:0;--awb-spacing-right-small:1.92%;--awb-spacing-left-small:1.92%;\"><div class=\"fusion-column-wrapper fusion-column-has-shadow fusion-flex-justify-content-flex-start fusion-content-layout-column\"><div class=\"fusion-text fusion-text-3\"><h2 class=\"\" style=\"--fontsize: 24; line-height: 1.2;\" data-fontsize=\"24\" data-lineheight=\"28.8px\">Referencev\u00e6rker<\/h2>\n<ul>\n<li><a href=\"\/wp-content\/uploads\/2024\/04\/2501011-SPARQ_Catalogus-Keuzehulp_2026_NL_v6_LR-spreadgecomprim.pdf\" target=\"_blank\" rel=\"noopener noreferrer\">Katalog hollandsk version<\/a><\/li>\n<li><a href=\"\/wp-content\/uploads\/2024\/04\/2501011-SPARQ_Catalogus-Keuzehulp_2026_DE_v2-NL6_LR-spreadgecomprim.pdf\" target=\"_blank\" rel=\"noopener noreferrer\">Katalog tysk version<\/a><\/li>\n<li><a href=\"\/wp-content\/uploads\/2024\/04\/2501011-SPARQ_Catalogus-Keuzehulp_2026_FR_v2-NL6_LR-spreadgecomprim.pdf\" target=\"_blank\" rel=\"noopener noreferrer\">Katalog fransk version<\/a><\/li>\n<li><a href=\"\/wp-content\/uploads\/2024\/04\/2501011-SPARQ_Catalogus-Keuzehulp_2026_GB_v4-NL6_LR-spreadgecomprim.pdf\" target=\"_blank\" rel=\"noopener noreferrer\">Katalog engelsk version<\/a><\/li>\n<\/ul>\n<h2 class=\"\" style=\"--fontsize: 24; line-height: 1.2;\" data-fontsize=\"24\" data-lineheight=\"28.8px\">Certifikater<\/h2>\n<ul>\n<li><a href=\"\/wp-content\/uploads\/2024\/04\/878943.VCA1_.2025.pdf\" target=\"_blank\" rel=\"noopener noreferrer\">VCA*<\/a><\/li>\n<li><a href=\"https:\/\/www.sparqbalustrades.nl\/wp-content\/uploads\/2024\/09\/SPARQ-0960-CPR-SKG.1184.6829.05.NL_.pdf\" target=\"_blank\" rel=\"noopener noreferrer\">SKG-IKOB-certifikat (EN1090)<\/a><\/li>\n<li><a href=\"https:\/\/www.sparqbalustrades.nl\/wp-content\/uploads\/2024\/04\/878943-12-2025-2-web.pdf\" target=\"_blank\" rel=\"noopener noreferrer\">Sikkerhedskultur Ladder 2.0 Light-certifikat<\/a><\/li>\n<li><a href=\"https:\/\/www.sparqbalustrades.nl\/wp-content\/uploads\/2025\/05\/S-WUE240323_AbP_259905_sig.pdf\" target=\"_blank\" rel=\"noopener noreferrer\">Generel bygningsinspektionsrapport (Tyskland)<\/a><\/li>\n<\/ul>\n<\/div><div class=\"fusion-text fusion-text-4\"><h2 class=\"\" style=\"--fontsize: 24; line-height: 1.2;\" data-fontsize=\"24\" data-lineheight=\"28.8px\">Generelle vilk\u00e5r og betingelser<\/h2>\n<ul>\n<li><a href=\"\/wp-content\/uploads\/2025\/05\/Metaalunievoorwaarden_2019.pdf\" target=\"_blank\" rel=\"noopener noreferrer\">Hollandsk<\/a><\/li>\n<li><a href=\"\/wp-content\/uploads\/2025\/05\/Metaalunievoorwaarden-2019-Duits.pdf\" target=\"_blank\" rel=\"noopener noreferrer\">Tysk<\/a><\/li>\n<li><a href=\"\/wp-content\/uploads\/2025\/05\/Metaalunievoorwaarden-2019-Frans.pdf\" target=\"_blank\" rel=\"noopener noreferrer\">Fransk<\/a><\/li>\n<li><a href=\"\/wp-content\/uploads\/2025\/05\/Metaalunievoorwaarden-2019-Engels.pdf\" target=\"_blank\" rel=\"noopener noreferrer\">Engelsk<\/a><\/li>\n<\/ul>\n<\/div><\/div><\/div><div class=\"fusion-layout-column fusion_builder_column fusion-builder-column-3 fusion_builder_column_1_3 1_3 fusion-flex-column\" style=\"--awb-bg-size:cover;--awb-width-large:33.333333333333%;--awb-margin-top-large:0px;--awb-spacing-right-large:5.76%;--awb-margin-bottom-large:20px;--awb-spacing-left-large:5.76%;--awb-width-medium:33.333333333333%;--awb-order-medium:0;--awb-spacing-right-medium:5.76%;--awb-spacing-left-medium:5.76%;--awb-width-small:100%;--awb-order-small:0;--awb-spacing-right-small:1.92%;--awb-spacing-left-small:1.92%;\"><div class=\"fusion-column-wrapper fusion-column-has-shadow fusion-flex-justify-content-flex-start fusion-content-layout-column\"><div class=\"fusion-text fusion-text-5\"><h2>Udtalelser om ydeevne<\/h2>\n<ul>\n<li><a href=\"https:\/\/www.sparqbalustrades.nl\/wp-content\/uploads\/2025\/02\/Dir-12-03ao_Prestatieverklaring-DoP-Y-Line-zij-1kN.pdf\" target=\"_blank\" rel=\"noopener noreferrer\">DoP-ydelseserkl\u00e6ring Y-Line side 1kN<\/a><\/li>\n<li><a href=\"https:\/\/www.sparqbalustrades.nl\/wp-content\/uploads\/2025\/02\/Dir-12-03an_Prestatieverklaring-DoP-V-Line-top-1kN.pdf\" target=\"_blank\" rel=\"noopener noreferrer\">Ydelseserkl\u00e6ring DoP V-Line top 1kN<\/a><\/li>\n<li><a href=\"https:\/\/www.sparqbalustrades.nl\/wp-content\/uploads\/2025\/02\/Dir-12-03am_Prestatieverklaring-DoP-U-Line-zij-1kN.pdf\" target=\"_blank\" rel=\"noopener noreferrer\">DoP-ydelseserkl\u00e6ring U-Line side 1kN<\/a><\/li>\n<li><a href=\"https:\/\/www.sparqbalustrades.nl\/wp-content\/uploads\/2025\/02\/Dir-12-03al_Prestatieverklaring-DoP-U-Line-top-1kN.pdf\" target=\"_blank\" rel=\"noopener noreferrer\">DoP-pr\u00e6stationserkl\u00e6ring U-Line top 1kN<\/a><\/li>\n<li><a href=\"https:\/\/www.sparqbalustrades.nl\/wp-content\/uploads\/2025\/02\/Dir-12-03ak_Prestatieverklaring-DoP-Y-Line-top-2kN.pdf\" target=\"_blank\" rel=\"noopener noreferrer\">Ydelseserkl\u00e6ring DoP Y-Line top 2kN<\/a><\/li>\n<li><a href=\"https:\/\/www.sparqbalustrades.nl\/wp-content\/uploads\/2025\/02\/Dir-12-03aj_Prestatieverklaring-DoP-V-Line-top-2kN.pdf\" target=\"_blank\" rel=\"noopener noreferrer\">Ydelseserkl\u00e6ring DoP V-Line top 2kN<\/a><\/li>\n<li><a href=\"https:\/\/www.sparqbalustrades.nl\/wp-content\/uploads\/2025\/02\/Dir-12-03ai_Prestatieverklaring-DoP-U-Line-zij-2kN.pdf\" target=\"_blank\" rel=\"noopener noreferrer\">DoP-ydelseserkl\u00e6ring U-Line side 2kN<\/a><\/li>\n<li><a href=\"https:\/\/www.sparqbalustrades.nl\/wp-content\/uploads\/2025\/02\/Dir-12-03ah_Prestatieverklaring-DoP-U-Line-top-2kN.pdf\" target=\"_blank\" rel=\"noopener noreferrer\">Ydelseserkl\u00e6ring DoP U-Line top 2kN<\/a><\/li>\n<li><a href=\"https:\/\/www.sparqbalustrades.nl\/wp-content\/uploads\/2024\/06\/J-Line-PDF-Document.pdf\" target=\"_blank\" rel=\"noopener noreferrer\">Ydeevnedeklaration J-Line fransk altansystem<\/a><\/li>\n<\/ul>\n<h2>CE-m\u00e6rkning<\/h2>\n<ul>\n<li><a href=\"https:\/\/www.sparqbalustrades.nl\/wp-content\/uploads\/2025\/02\/CE-verklaring-Y-line-1kN.pdf\" target=\"_blank\" rel=\"noopener noreferrer\">CE-erkl\u00e6ring Y-linje 1kN<\/a><\/li>\n<li><a href=\"https:\/\/www.sparqbalustrades.nl\/wp-content\/uploads\/2025\/02\/CE-verklaring-V-line-1kN.pdf\" target=\"_blank\" rel=\"noopener noreferrer\">CE-erkl\u00e6ring V-line 1kN<\/a><\/li>\n<li><a href=\"https:\/\/www.sparqbalustrades.nl\/wp-content\/uploads\/2025\/02\/CE-verklaring-U-zij-1kN.pdf\" target=\"_blank\" rel=\"noopener noreferrer\">CE-erkl\u00e6ring U-side 1kN<\/a><\/li>\n<li><a href=\"https:\/\/www.sparqbalustrades.nl\/wp-content\/uploads\/2025\/02\/CE-verklaring-U-top-1kN.pdf\" target=\"_blank\" rel=\"noopener noreferrer\">CE-erkl\u00e6ring U-top 1kN<\/a><\/li>\n<li><a href=\"https:\/\/www.sparqbalustrades.nl\/wp-content\/uploads\/2025\/02\/CE-verklaring-Y-line-2kN.pdf\" target=\"_blank\" rel=\"noopener noreferrer\">CE-erkl\u00e6ring Y-linje 2kN<\/a><\/li>\n<li><a href=\"https:\/\/www.sparqbalustrades.nl\/wp-content\/uploads\/2025\/02\/CE-verklaring-V-line-2kN.pdf\" target=\"_blank\" rel=\"noopener noreferrer\">CE-erkl\u00e6ring V-line 2kN<\/a><\/li>\n<li><a href=\"https:\/\/www.sparqbalustrades.nl\/wp-content\/uploads\/2025\/02\/CE-verklaring-U-top-2kN.pdf\" target=\"_blank\" rel=\"noopener noreferrer\">CE-erkl\u00e6ring U-top 2kN<\/a><\/li>\n<li><a href=\"https:\/\/www.sparqbalustrades.nl\/wp-content\/uploads\/2025\/02\/CE-verklaring-U-zij-2kN.pdf\" target=\"_blank\" rel=\"noopener noreferrer\">CE-erkl\u00e6ring U-side 2kN<\/a><\/li>\n<li><a href=\"https:\/\/www.sparqbalustrades.nl\/wp-content\/uploads\/2024\/06\/CE-verklaring-J-line-PDF-Document.pdf\" target=\"_blank\" rel=\"noopener noreferrer\">CE-erkl\u00e6ring-J-linje PDF-dokument<\/a><\/li>\n<\/ul>\n<\/div><\/div><\/div><\/div><\/div><\/p>","protected":false},"excerpt":{"rendered":"","protected":false},"author":1,"featured_media":0,"parent":0,"menu_order":5,"comment_status":"closed","ping_status":"closed","template":"100-width.php","meta":{"footnotes":""},"class_list":["post-317","page","type-page","status-publish","hentry"],"yoast_head":"<!-- This site is optimized with the Yoast SEO plugin v27.2 - https:\/\/yoast.com\/product\/yoast-seo-wordpress\/ -->\n<title>SPARQ Balustrades | Downloads Naslagwerken &amp; Certificaten<\/title>\n<meta name=\"description\" content=\"Download technische tekeningen, naslagwerken en certificaten voor SPARQ balustrades. Alle documenten voor uw project op \u00e9\u00e9n plek.\" \/>\n<meta name=\"robots\" content=\"index, follow, max-snippet:-1, max-image-preview:large, max-video-preview:-1\" \/>\n<link rel=\"canonical\" href=\"https:\/\/www.sparqbalustrades.nl\/da\/downloads\/\" \/>\n<meta property=\"og:locale\" content=\"da_DK\" \/>\n<meta property=\"og:type\" content=\"article\" \/>\n<meta property=\"og:title\" content=\"SPARQ Balustrades | Downloads Naslagwerken &amp; Certificaten\" \/>\n<meta property=\"og:description\" content=\"Download technische tekeningen, naslagwerken en certificaten voor SPARQ balustrades. Alle documenten voor uw project op \u00e9\u00e9n plek.\" \/>\n<meta property=\"og:url\" content=\"https:\/\/www.sparqbalustrades.nl\/da\/downloads\/\" \/>\n<meta property=\"og:site_name\" content=\"SPARQ Balustrades\" \/>\n<meta property=\"article:publisher\" content=\"https:\/\/www.facebook.com\/profile.php?id=100047334683162\" \/>\n<meta property=\"article:modified_time\" content=\"2025-09-26T13:29:11+00:00\" \/>\n<meta property=\"og:image\" content=\"https:\/\/www.sparqbalustrades.nl\/wp-content\/uploads\/2024\/08\/team2024.webp\" \/>\n\t<meta property=\"og:image:width\" content=\"1920\" \/>\n\t<meta property=\"og:image:height\" content=\"1080\" \/>\n\t<meta property=\"og:image:type\" content=\"image\/webp\" \/>\n<meta name=\"twitter:card\" content=\"summary_large_image\" \/>\n<meta name=\"twitter:label1\" content=\"Estimeret l\u00e6setid\" \/>\n\t<meta name=\"twitter:data1\" content=\"1 minut\" \/>\n<script type=\"application\/ld+json\" class=\"yoast-schema-graph\">{\"@context\":\"https:\/\/schema.org\",\"@graph\":[{\"@type\":\"WebPage\",\"@id\":\"https:\/\/www.sparqbalustrades.nl\/downloads\/\",\"url\":\"https:\/\/www.sparqbalustrades.nl\/downloads\/\",\"name\":\"SPARQ Balustrades | Downloads Naslagwerken & Certificaten\",\"isPartOf\":{\"@id\":\"https:\/\/www.sparqbalustrades.nl\/#website\"},\"datePublished\":\"2024-04-30T09:43:20+00:00\",\"dateModified\":\"2025-09-26T13:29:11+00:00\",\"description\":\"Download technische tekeningen, naslagwerken en certificaten voor SPARQ balustrades. Alle documenten voor uw project op \u00e9\u00e9n plek.\",\"breadcrumb\":{\"@id\":\"https:\/\/www.sparqbalustrades.nl\/downloads\/#breadcrumb\"},\"inLanguage\":\"da-DK\",\"potentialAction\":[{\"@type\":\"ReadAction\",\"target\":[\"https:\/\/www.sparqbalustrades.nl\/downloads\/\"]}]},{\"@type\":\"BreadcrumbList\",\"@id\":\"https:\/\/www.sparqbalustrades.nl\/downloads\/#breadcrumb\",\"itemListElement\":[{\"@type\":\"ListItem\",\"position\":1,\"name\":\"Home\",\"item\":\"https:\/\/www.sparqbalustrades.nl\/\"},{\"@type\":\"ListItem\",\"position\":2,\"name\":\"Downloads\"}]},{\"@type\":\"WebSite\",\"@id\":\"https:\/\/www.sparqbalustrades.nl\/#website\",\"url\":\"https:\/\/www.sparqbalustrades.nl\/\",\"name\":\"SPARQ Balustrades\",\"description\":\"Look Further\",\"publisher\":{\"@id\":\"https:\/\/www.sparqbalustrades.nl\/#organization\"},\"alternateName\":\"De specialist in volglasbalustrades\",\"potentialAction\":[{\"@type\":\"SearchAction\",\"target\":{\"@type\":\"EntryPoint\",\"urlTemplate\":\"https:\/\/www.sparqbalustrades.nl\/?s={search_term_string}\"},\"query-input\":{\"@type\":\"PropertyValueSpecification\",\"valueRequired\":true,\"valueName\":\"search_term_string\"}}],\"inLanguage\":\"da-DK\"},{\"@type\":\"Organization\",\"@id\":\"https:\/\/www.sparqbalustrades.nl\/#organization\",\"name\":\"SPARQ Balustrades\",\"alternateName\":\"SPARQ Volglasbalustrades\",\"url\":\"https:\/\/www.sparqbalustrades.nl\/\",\"logo\":{\"@type\":\"ImageObject\",\"inLanguage\":\"da-DK\",\"@id\":\"https:\/\/www.sparqbalustrades.nl\/#\/schema\/logo\/image\/\",\"url\":\"https:\/\/www.sparqbalustrades.nl\/wp-content\/uploads\/2024\/08\/team2024.webp\",\"contentUrl\":\"https:\/\/www.sparqbalustrades.nl\/wp-content\/uploads\/2024\/08\/team2024.webp\",\"width\":1920,\"height\":1080,\"caption\":\"SPARQ Balustrades\"},\"image\":{\"@id\":\"https:\/\/www.sparqbalustrades.nl\/#\/schema\/logo\/image\/\"},\"sameAs\":[\"https:\/\/www.facebook.com\/profile.php?id=100047334683162\",\"https:\/\/www.instagram.com\/sparqbalustrades\/\",\"https:\/\/nl.pinterest.com\/sparq_balustrades\/\",\"https:\/\/www.youtube.com\/channel\/UCJX3WLp4-Tp8NXgbXmxz_2g\",\"https:\/\/www.linkedin.com\/company\/sparq-balustrades\/\"]}]}<\/script>\n<!-- \/ Yoast SEO plugin. -->","yoast_head_json":{"title":"SPARQ Balustrader | Downloads Opslagsb\u00f8ger &amp; certifikater","description":"Download tekniske tegninger, referenceb\u00f8ger og certifikater til SPARQ-gel\u00e6ndere. Alle dokumenter til dit projekt p\u00e5 \u00e9t sted.","robots":{"index":"index","follow":"follow","max-snippet":"max-snippet:-1","max-image-preview":"max-image-preview:large","max-video-preview":"max-video-preview:-1"},"canonical":"https:\/\/www.sparqbalustrades.nl\/da\/downloads\/","og_locale":"da_DK","og_type":"article","og_title":"SPARQ Balustrades | Downloads Naslagwerken & Certificaten","og_description":"Download technische tekeningen, naslagwerken en certificaten voor SPARQ balustrades. Alle documenten voor uw project op \u00e9\u00e9n plek.","og_url":"https:\/\/www.sparqbalustrades.nl\/da\/downloads\/","og_site_name":"SPARQ Balustrades","article_publisher":"https:\/\/www.facebook.com\/profile.php?id=100047334683162","article_modified_time":"2025-09-26T13:29:11+00:00","og_image":[{"width":1920,"height":1080,"url":"https:\/\/www.sparqbalustrades.nl\/wp-content\/uploads\/2024\/08\/team2024.webp","type":"image\/webp"}],"twitter_card":"summary_large_image","twitter_misc":{"Estimeret l\u00e6setid":"1 minut"},"schema":{"@context":"https:\/\/schema.org","@graph":[{"@type":"WebPage","@id":"https:\/\/www.sparqbalustrades.nl\/downloads\/","url":"https:\/\/www.sparqbalustrades.nl\/downloads\/","name":"SPARQ Balustrader | Downloads Opslagsb\u00f8ger &amp; certifikater","isPartOf":{"@id":"https:\/\/www.sparqbalustrades.nl\/#website"},"datePublished":"2024-04-30T09:43:20+00:00","dateModified":"2025-09-26T13:29:11+00:00","description":"Download tekniske tegninger, referenceb\u00f8ger og certifikater til SPARQ-gel\u00e6ndere. Alle dokumenter til dit projekt p\u00e5 \u00e9t sted.","breadcrumb":{"@id":"https:\/\/www.sparqbalustrades.nl\/downloads\/#breadcrumb"},"inLanguage":"da-DK","potentialAction":[{"@type":"ReadAction","target":["https:\/\/www.sparqbalustrades.nl\/downloads\/"]}]},{"@type":"BreadcrumbList","@id":"https:\/\/www.sparqbalustrades.nl\/downloads\/#breadcrumb","itemListElement":[{"@type":"ListItem","position":1,"name":"Home","item":"https:\/\/www.sparqbalustrades.nl\/"},{"@type":"ListItem","position":2,"name":"Downloads"}]},{"@type":"WebSite","@id":"https:\/\/www.sparqbalustrades.nl\/#website","url":"https:\/\/www.sparqbalustrades.nl\/","name":"SPARQ Gel\u00e6ndere","description":"Se l\u00e6ngere frem","publisher":{"@id":"https:\/\/www.sparqbalustrades.nl\/#organization"},"alternateName":"De specialist in volglasbalustrades","potentialAction":[{"@type":"SearchAction","target":{"@type":"EntryPoint","urlTemplate":"https:\/\/www.sparqbalustrades.nl\/?s={search_term_string}"},"query-input":{"@type":"PropertyValueSpecification","valueRequired":true,"valueName":"search_term_string"}}],"inLanguage":"da-DK"},{"@type":"Organization","@id":"https:\/\/www.sparqbalustrades.nl\/#organization","name":"SPARQ Gel\u00e6ndere","alternateName":"SPARQ Volglasbalustrades","url":"https:\/\/www.sparqbalustrades.nl\/","logo":{"@type":"ImageObject","inLanguage":"da-DK","@id":"https:\/\/www.sparqbalustrades.nl\/#\/schema\/logo\/image\/","url":"https:\/\/www.sparqbalustrades.nl\/wp-content\/uploads\/2024\/08\/team2024.webp","contentUrl":"https:\/\/www.sparqbalustrades.nl\/wp-content\/uploads\/2024\/08\/team2024.webp","width":1920,"height":1080,"caption":"SPARQ Balustrades"},"image":{"@id":"https:\/\/www.sparqbalustrades.nl\/#\/schema\/logo\/image\/"},"sameAs":["https:\/\/www.facebook.com\/profile.php?id=100047334683162","https:\/\/www.instagram.com\/sparqbalustrades\/","https:\/\/nl.pinterest.com\/sparq_balustrades\/","https:\/\/www.youtube.com\/channel\/UCJX3WLp4-Tp8NXgbXmxz_2g","https:\/\/www.linkedin.com\/company\/sparq-balustrades\/"]}]}},"_links":{"self":[{"href":"https:\/\/www.sparqbalustrades.nl\/da\/wp-json\/wp\/v2\/pages\/317","targetHints":{"allow":["GET"]}}],"collection":[{"href":"https:\/\/www.sparqbalustrades.nl\/da\/wp-json\/wp\/v2\/pages"}],"about":[{"href":"https:\/\/www.sparqbalustrades.nl\/da\/wp-json\/wp\/v2\/types\/page"}],"author":[{"embeddable":true,"href":"https:\/\/www.sparqbalustrades.nl\/da\/wp-json\/wp\/v2\/users\/1"}],"replies":[{"embeddable":true,"href":"https:\/\/www.sparqbalustrades.nl\/da\/wp-json\/wp\/v2\/comments?post=317"}],"version-history":[{"count":4,"href":"https:\/\/www.sparqbalustrades.nl\/da\/wp-json\/wp\/v2\/pages\/317\/revisions"}],"predecessor-version":[{"id":2651,"href":"https:\/\/www.sparqbalustrades.nl\/da\/wp-json\/wp\/v2\/pages\/317\/revisions\/2651"}],"wp:attachment":[{"href":"https:\/\/www.sparqbalustrades.nl\/da\/wp-json\/wp\/v2\/media?parent=317"}],"curies":[{"name":"wp","href":"https:\/\/api.w.org\/{rel}","templated":true}]}}