{"id":1664,"date":"2024-08-20T19:23:09","date_gmt":"2024-08-20T19:23:09","guid":{"rendered":"https:\/\/www.sparqbalustrades.nl\/?page_id=1664"},"modified":"2024-09-03T09:35:02","modified_gmt":"2024-09-03T09:35:02","slug":"erklarung-zum-datenschutz","status":"publish","type":"page","link":"https:\/\/www.sparqbalustrades.nl\/de\/privacyverklaring\/","title":{"rendered":"Erkl\u00e4rung zum Datenschutz"},"content":{"rendered":"<p><div class=\"fusion-fullwidth fullwidth-box fusion-builder-row-1 fusion-flex-container has-pattern-background has-mask-background fusion-parallax-none hundred-percent-fullwidth non-hundred-percent-height-scrolling lazyload full-width-right\" style=\"--awb-border-radius-top-left:0px;--awb-border-radius-top-right:0px;--awb-border-radius-bottom-right:0px;--awb-border-radius-bottom-left:0px;--awb-padding-top:0px;--awb-padding-right:0px;--awb-padding-bottom:0px;--awb-padding-left:30px;--awb-min-height:300px;--awb-background-size:cover;--awb-flex-wrap:wrap;\" data-bg=\"\/wp-content\/uploads\/2024\/06\/downloadpagina-header-afbeelding.webp\" ><div class=\"fusion-builder-row fusion-row fusion-flex-align-items-flex-end fusion-flex-justify-content-flex-end fusion-flex-content-wrap\" style=\"width:104% !important;max-width:104% !important;margin-left: calc(-4% \/ 2 );margin-right: calc(-4% \/ 2 );\"><div class=\"fusion-layout-column fusion_builder_column fusion-builder-column-0 fusion_builder_column_3_4 3_4 fusion-flex-column\" style=\"--awb-bg-image:linear-gradient(180deg, var(--awb-color4) 0%,var(--awb-color4) 100%);--awb-bg-size:cover;--awb-width-large:75%;--awb-margin-top-large:0px;--awb-spacing-right-large:0%;--awb-margin-bottom-large:0px;--awb-spacing-left-large:2.56%;--awb-width-medium:75%;--awb-order-medium:0;--awb-spacing-right-medium:0%;--awb-spacing-left-medium:2.56%;--awb-width-small:100%;--awb-order-small:0;--awb-spacing-right-small:1.92%;--awb-spacing-left-small:1.92%;\"><div class=\"fusion-column-wrapper fusion-column-has-shadow fusion-flex-justify-content-flex-start fusion-content-layout-row\"><div class=\"fusion-text fusion-text-1 fusion-text-no-margin subpaginaheader\" style=\"--awb-margin-top:0px;--awb-margin-right:20px;--awb-margin-bottom:0px;--awb-margin-left:20px;\"><h1>Erkl\u00e4rung zum Datenschutz<\/h1>\n<\/div><\/div><\/div><\/div><\/div><div class=\"fusion-fullwidth fullwidth-box fusion-builder-row-2 fusion-flex-container has-pattern-background has-mask-background nonhundred-percent-fullwidth non-hundred-percent-height-scrolling\" style=\"--awb-border-radius-top-left:0px;--awb-border-radius-top-right:0px;--awb-border-radius-bottom-right:0px;--awb-border-radius-bottom-left:0px;--awb-padding-top:100px;--awb-padding-bottom:100px;--awb-flex-wrap:wrap;\" ><div class=\"fusion-builder-row fusion-row fusion-flex-align-items-flex-start fusion-flex-content-wrap\" style=\"max-width:1248px;margin-left: calc(-4% \/ 2 );margin-right: calc(-4% \/ 2 );\"><div class=\"fusion-layout-column fusion_builder_column fusion-builder-column-1 fusion_builder_column_1_1 1_1 fusion-flex-column\" style=\"--awb-bg-size:cover;--awb-width-large:100%;--awb-margin-top-large:0px;--awb-spacing-right-large:1.92%;--awb-margin-bottom-large:20px;--awb-spacing-left-large:1.92%;--awb-width-medium:100%;--awb-order-medium:0;--awb-spacing-right-medium:1.92%;--awb-spacing-left-medium:1.92%;--awb-width-small:100%;--awb-order-small:0;--awb-spacing-right-small:1.92%;--awb-spacing-left-small:1.92%;\"><div class=\"fusion-column-wrapper fusion-column-has-shadow fusion-flex-justify-content-flex-start fusion-content-layout-column\"><div class=\"fusion-text fusion-text-2\"><h2>Datenschutzerkl\u00e4rung SPARQ<\/h2>\n<p>Im Rahmen unserer Dienstleistungen verarbeiten wir personenbezogene Daten. Wir haben diese Datenschutzerkl\u00e4rung erstellt, um Sie dar\u00fcber zu informieren, wie wir mit Ihren personenbezogenen Daten umgehen.<\/p>\n<p>Diese Erkl\u00e4rung zum Datenschutz wurde zuletzt am 20. August 2024 aktualisiert.<\/p>\n<h3>Kontaktangaben<\/h3>\n<p>Die personenbezogenen Daten werden verarbeitet von:<\/p>\n<p>SPARQ BV und SPARQ Balustrades BV (zusammen als SPARQ bezeichnet)<\/p>\n<p>Anschrift: Ikarus 2<br \/>\nPostleitzahl und Ort: 8448 CJ Heerenveen<br \/>\nTelefonnummer: 0513-617073<br \/>\nE-Mail: info@sparqbalustrades.nl<\/p>\n<p>SPARQ erh\u00e4lt personenbezogene Daten von Ihnen, z. B. die Daten, die Sie uns \u00fcber die Website, per E-Mail und Telefon zur Verf\u00fcgung stellen, aber auch durch den Abschluss gegenseitiger Vereinbarungen. Dar\u00fcber hinaus k\u00f6nnen wir Ihre personenbezogenen Daten \u00fcber Dritte im Rahmen unserer Dienstleistungen erhalten.<\/p>\n<h3>\u5728\u6e1d\u947e<\/h3>\n<p>SPARQ verarbeitet die folgenden Kategorien von personenbezogenen Daten:<br \/>\nVorname und Nachname<br \/>\nAngaben zur Adresse<br \/>\nFunktion<br \/>\nE-Mail Adresse<br \/>\nTelefonnummern<br \/>\nGeschlecht<br \/>\nBankkontonummer<br \/>\nVerwendungszwecke<\/p>\n<p>SPARQ verarbeitet diese personenbezogenen Daten f\u00fcr verschiedene Zwecke, wie z. B:<br \/>\nAufrechterhaltung des Kontakts, falls dies zur Erbringung oder Verbesserung unserer Dienstleistungen erforderlich ist;<br \/>\nErf\u00fcllung unserer Verpflichtungen in Bezug auf miteinander geschlossene Vertr\u00e4ge und Lieferungen;<br \/>\nDurchf\u00fchrung der erforderlichen Verwaltungsma\u00dfnahmen;<br \/>\nVorbereitung, Versand, Bearbeitung und Einzug von Rechnungen;<br \/>\nZusendung unseres Newsletters mit Informationen \u00fcber unsere Dienstleistungen und Produkte sowie \u00fcber deren \u00c4nderungen oder Erg\u00e4nzungen;<br \/>\nEinhaltung der rechtlichen Verpflichtungen;<br \/>\nBearbeitung und Bezahlung von Rechnungen.<br \/>\nFundamente<\/p>\n<p>Wir verarbeiten bestimmte personenbezogene Daten, um Ihren Vertrag zu erf\u00fcllen oder um einer gesetzlichen Verpflichtung nachzukommen.<\/p>\n<p>Wir verarbeiten personenbezogene Daten auch, weil SPARQ ein berechtigtes Interesse daran hat, dies zu tun. Diese berechtigten Interessen sind:<\/p>\n<p>Erbringung seiner Dienstleistungen auf m\u00f6glichst effiziente Weise;<br \/>\nRegelm\u00e4\u00dfiges Versenden eines Newsletters;<br \/>\nSchutz seiner finanziellen Interessen;<br \/>\nVerbesserung der Dienstleistungen.<br \/>\nWerden personenbezogene Daten auf der Grundlage einer Einwilligung verarbeitet, so wird diese im Voraus gesondert eingeholt.<\/p>\n<h3>Offenlegung gegen\u00fcber Dritten<\/h3>\n<p>Im Rahmen seiner Dienstleistungen kann SPARQ personenbezogene Daten austauschen. SPARQ kann f\u00fcr die oben genannten Zwecke die Dienste Dritter in Anspruch nehmen, wie z. B. die Lieferanten unserer Website und unserer Systeme. In diesem Zusammenhang werden personenbezogene Daten an diese Dritten weitergegeben. Diese Dritten d\u00fcrfen Ihre personenbezogenen Daten nur f\u00fcr die vorgenannten Zwecke verarbeiten, was auch durch Verarbeitungsvereinbarungen rechtsverbindlich geregelt ist.<\/p>\n<p>Schlie\u00dflich k\u00f6nnen Ihre personenbezogenen Daten an Dritte weitergegeben werden, wenn SPARQ einer rechtlichen Verpflichtung nachkommen muss.<\/p>\n<h3>\u00dcbermittlung Ihrer Daten au\u00dferhalb des EWR<\/h3>\n<p>Ihre personenbezogenen Daten werden nicht au\u00dferhalb des EWR verarbeitet. Der EWR ist der Europ\u00e4ische Wirtschaftsraum, der aus den L\u00e4ndern der Europ\u00e4ischen Union, Liechtenstein, Norwegen und Island besteht.<\/p>\n<p>Ihre Daten k\u00f6nnen jedoch von Dritten au\u00dferhalb der EU gespeichert werden, wenn Sie LinkedIn oder Facebook nutzen, um mit Ihnen in Kontakt zu treten. Diese Parteien sind \"EU-US Privacy Shield\"-zertifiziert, so dass sie die europ\u00e4ischen Datenschutzbestimmungen einhalten werden.<\/p>\n<h3>Wie lange wir Ihre Daten aufbewahren<\/h3>\n<p>SPARQ verarbeitet Ihre personenbezogenen Daten nicht l\u00e4nger, als es f\u00fcr die in dieser Datenschutzerkl\u00e4rung genannten Zwecke erforderlich ist. Das bedeutet, dass Ihre personenbezogenen Daten so lange aufbewahrt werden, wie sie f\u00fcr die Erreichung der betreffenden Zwecke erforderlich sind. Bestimmte Daten m\u00fcssen l\u00e4nger aufbewahrt werden, weil SPARQ gesetzlichen Aufbewahrungspflichten nachkommen muss, wie z. B. der steuerlichen Aufbewahrungspflicht.<\/p>\n<h3>Wie wir Ihre Daten sch\u00fctzen<\/h3>\n<p>Wir halten es f\u00fcr wichtig, dass Ihre pers\u00f6nlichen Daten vor Verlust oder unbefugtem Zugriff auf Ihre pers\u00f6nlichen Daten gesch\u00fctzt sind. Daher hat SPARQ angemessene Sicherheitsma\u00dfnahmen ergriffen.<\/p>\n<h3>Cookies<\/h3>\n<p>Auf der Website werden nur notwendige funktionale Cookies und statistische Cookies zur Erstellung von Website-Statistiken durch Google Analytics verwendet. Von SPARQ werden ausdr\u00fccklich keine Tracking-Cookies verwendet.<\/p>\n<h3>Ihre Rechte<\/h3>\n<p>Sie haben das Recht, SPARQ aufzufordern, Ihre personenbezogenen Daten zu \u00fcberpr\u00fcfen. Nach Eingang Ihres Antrags erhalten Sie innerhalb von 1 Monat eine \u00dcbersicht \u00fcber Ihre personenbezogenen Daten. Wenn diese Ungenauigkeiten aufweist, k\u00f6nnen Sie verlangen, dass Ihre Daten ge\u00e4ndert, erg\u00e4nzt, gel\u00f6scht oder gesperrt werden.<\/p>\n<p>Sie k\u00f6nnen SPARQ auch auffordern, Ihre personenbezogenen Daten zu \u00fcbermitteln oder der Verarbeitung Ihrer personenbezogenen Daten aufgrund besonderer pers\u00f6nlicher Umst\u00e4nde zu widersprechen.<\/p>\n<p>Fragen zu dieser Datenschutzerkl\u00e4rung oder eine Anfrage \u00fcber die Verarbeitung Ihrer personenbezogenen Daten sollten an SPARQ gerichtet werden (siehe Kontaktdaten am Anfang dieser Erkl\u00e4rung).<\/p>\n<p>Wenn Sie eine Beschwerde \u00fcber die Verarbeitung Ihrer personenbezogenen Daten durch SPARQ haben, teilen Sie uns dies bitte mit. Sollten Sie keine Einigung mit uns erzielen, haben Sie das Recht, eine Beschwerde bei der Aufsichtsbeh\u00f6rde f\u00fcr den Datenschutz, der Datenschutzbeh\u00f6rde, einzureichen. Zu diesem Zweck k\u00f6nnen Sie sich an die Datenschutzbeh\u00f6rde wenden.<\/p>\n<h3>\u00c4nderungen der Datenschutzbestimmungen<\/h3>\n<p>SPARQ kann diese Datenschutzerkl\u00e4rung \u00e4ndern. Neue Versionen werden stets auf der Website ver\u00f6ffentlicht. Wir empfehlen Ihnen daher, diese Erkl\u00e4rung regelm\u00e4\u00dfig zu konsultieren, damit Sie \u00fcber alle \u00c4nderungen informiert sind.<\/p>\n<\/div><\/div><\/div><\/div><\/div><\/p>","protected":false},"excerpt":{"rendered":"","protected":false},"author":1,"featured_media":0,"parent":0,"menu_order":0,"comment_status":"closed","ping_status":"closed","template":"100-width.php","meta":{"footnotes":""},"class_list":["post-1664","page","type-page","status-publish","hentry"],"yoast_head":"<!-- This site is optimized with the Yoast SEO plugin v27.5 - https:\/\/yoast.com\/product\/yoast-seo-wordpress\/ -->\n<title>Privacyverklaring SPARQ balustrades | Uw gegevens zijn veilig<\/title>\n<meta name=\"description\" content=\"Lees hoe SPARQ uw persoonsgegevens verwerkt en beveiligt in onze privacyverklaring. Transparant en volgens de geldende wetgeving.\" \/>\n<meta name=\"robots\" content=\"index, follow, max-snippet:-1, max-image-preview:large, max-video-preview:-1\" \/>\n<link rel=\"canonical\" href=\"https:\/\/www.sparqbalustrades.nl\/de\/erklarung-zum-datenschutz\/\" \/>\n<meta property=\"og:locale\" content=\"de_DE\" \/>\n<meta property=\"og:type\" content=\"article\" \/>\n<meta property=\"og:title\" content=\"Privacyverklaring SPARQ balustrades | Uw gegevens zijn veilig\" \/>\n<meta property=\"og:description\" content=\"Lees hoe SPARQ uw persoonsgegevens verwerkt en beveiligt in onze privacyverklaring. Transparant en volgens de geldende wetgeving.\" \/>\n<meta property=\"og:url\" content=\"https:\/\/www.sparqbalustrades.nl\/de\/erklarung-zum-datenschutz\/\" \/>\n<meta property=\"og:site_name\" content=\"SPARQ Balustrades\" \/>\n<meta property=\"article:publisher\" content=\"https:\/\/www.facebook.com\/profile.php?id=100047334683162\" \/>\n<meta property=\"article:modified_time\" content=\"2024-09-03T09:35:02+00:00\" \/>\n<meta property=\"og:image\" content=\"https:\/\/www.sparqbalustrades.nl\/wp-content\/uploads\/2024\/08\/team2024.webp\" \/>\n\t<meta property=\"og:image:width\" content=\"1920\" \/>\n\t<meta property=\"og:image:height\" content=\"1080\" \/>\n\t<meta property=\"og:image:type\" content=\"image\/webp\" \/>\n<meta name=\"twitter:card\" content=\"summary_large_image\" \/>\n<meta name=\"twitter:label1\" content=\"Gesch\u00e4tzte Lesezeit\" \/>\n\t<meta name=\"twitter:data1\" content=\"4\u00a0Minuten\" \/>\n<script type=\"application\/ld+json\" class=\"yoast-schema-graph\">{\"@context\":\"https:\\\/\\\/schema.org\",\"@graph\":[{\"@type\":\"WebPage\",\"@id\":\"https:\\\/\\\/www.sparqbalustrades.nl\\\/privacyverklaring\\\/\",\"url\":\"https:\\\/\\\/www.sparqbalustrades.nl\\\/privacyverklaring\\\/\",\"name\":\"Privacyverklaring SPARQ balustrades | Uw gegevens zijn veilig\",\"isPartOf\":{\"@id\":\"https:\\\/\\\/www.sparqbalustrades.nl\\\/#website\"},\"datePublished\":\"2024-08-20T19:23:09+00:00\",\"dateModified\":\"2024-09-03T09:35:02+00:00\",\"description\":\"Lees hoe SPARQ uw persoonsgegevens verwerkt en beveiligt in onze privacyverklaring. Transparant en volgens de geldende wetgeving.\",\"breadcrumb\":{\"@id\":\"https:\\\/\\\/www.sparqbalustrades.nl\\\/privacyverklaring\\\/#breadcrumb\"},\"inLanguage\":\"de\",\"potentialAction\":[{\"@type\":\"ReadAction\",\"target\":[\"https:\\\/\\\/www.sparqbalustrades.nl\\\/privacyverklaring\\\/\"]}]},{\"@type\":\"BreadcrumbList\",\"@id\":\"https:\\\/\\\/www.sparqbalustrades.nl\\\/privacyverklaring\\\/#breadcrumb\",\"itemListElement\":[{\"@type\":\"ListItem\",\"position\":1,\"name\":\"Home\",\"item\":\"https:\\\/\\\/www.sparqbalustrades.nl\\\/\"},{\"@type\":\"ListItem\",\"position\":2,\"name\":\"Privacyverklaring\"}]},{\"@type\":\"WebSite\",\"@id\":\"https:\\\/\\\/www.sparqbalustrades.nl\\\/#website\",\"url\":\"https:\\\/\\\/www.sparqbalustrades.nl\\\/\",\"name\":\"SPARQ Balustrades\",\"description\":\"Look Further\",\"publisher\":{\"@id\":\"https:\\\/\\\/www.sparqbalustrades.nl\\\/#organization\"},\"alternateName\":\"De specialist in volglasbalustrades\",\"potentialAction\":[{\"@type\":\"SearchAction\",\"target\":{\"@type\":\"EntryPoint\",\"urlTemplate\":\"https:\\\/\\\/www.sparqbalustrades.nl\\\/?s={search_term_string}\"},\"query-input\":{\"@type\":\"PropertyValueSpecification\",\"valueRequired\":true,\"valueName\":\"search_term_string\"}}],\"inLanguage\":\"de\"},{\"@type\":\"Organization\",\"@id\":\"https:\\\/\\\/www.sparqbalustrades.nl\\\/#organization\",\"name\":\"SPARQ Balustrades\",\"alternateName\":\"SPARQ Volglasbalustrades\",\"url\":\"https:\\\/\\\/www.sparqbalustrades.nl\\\/\",\"logo\":{\"@type\":\"ImageObject\",\"inLanguage\":\"de\",\"@id\":\"https:\\\/\\\/www.sparqbalustrades.nl\\\/#\\\/schema\\\/logo\\\/image\\\/\",\"url\":\"https:\\\/\\\/www.sparqbalustrades.nl\\\/wp-content\\\/uploads\\\/2024\\\/08\\\/team2024.webp\",\"contentUrl\":\"https:\\\/\\\/www.sparqbalustrades.nl\\\/wp-content\\\/uploads\\\/2024\\\/08\\\/team2024.webp\",\"width\":1920,\"height\":1080,\"caption\":\"SPARQ Balustrades\"},\"image\":{\"@id\":\"https:\\\/\\\/www.sparqbalustrades.nl\\\/#\\\/schema\\\/logo\\\/image\\\/\"},\"sameAs\":[\"https:\\\/\\\/www.facebook.com\\\/profile.php?id=100047334683162\",\"https:\\\/\\\/www.instagram.com\\\/sparqbalustrades\\\/\",\"https:\\\/\\\/nl.pinterest.com\\\/sparq_balustrades\\\/\",\"https:\\\/\\\/www.youtube.com\\\/channel\\\/UCJX3WLp4-Tp8NXgbXmxz_2g\",\"https:\\\/\\\/www.linkedin.com\\\/company\\\/sparq-balustrades\\\/\"]}]}<\/script>\n<!-- \/ Yoast SEO plugin. -->","yoast_head_json":{"title":"Datenschutzerkl\u00e4rung SPARQ Balustraden | Ihre Daten sind sicher","description":"In unserer Datenschutzerkl\u00e4rung erfahren Sie, wie SPARQ Ihre pers\u00f6nlichen Daten verarbeitet und sch\u00fctzt. Transparent und in \u00dcbereinstimmung mit der aktuellen Gesetzgebung.","robots":{"index":"index","follow":"follow","max-snippet":"max-snippet:-1","max-image-preview":"max-image-preview:large","max-video-preview":"max-video-preview:-1"},"canonical":"https:\/\/www.sparqbalustrades.nl\/de\/erklarung-zum-datenschutz\/","og_locale":"de_DE","og_type":"article","og_title":"Privacyverklaring SPARQ balustrades | Uw gegevens zijn veilig","og_description":"Lees hoe SPARQ uw persoonsgegevens verwerkt en beveiligt in onze privacyverklaring. Transparant en volgens de geldende wetgeving.","og_url":"https:\/\/www.sparqbalustrades.nl\/de\/erklarung-zum-datenschutz\/","og_site_name":"SPARQ Balustrades","article_publisher":"https:\/\/www.facebook.com\/profile.php?id=100047334683162","article_modified_time":"2024-09-03T09:35:02+00:00","og_image":[{"width":1920,"height":1080,"url":"https:\/\/www.sparqbalustrades.nl\/wp-content\/uploads\/2024\/08\/team2024.webp","type":"image\/webp"}],"twitter_card":"summary_large_image","twitter_misc":{"Gesch\u00e4tzte Lesezeit":"4\u00a0Minuten"},"schema":{"@context":"https:\/\/schema.org","@graph":[{"@type":"WebPage","@id":"https:\/\/www.sparqbalustrades.nl\/privacyverklaring\/","url":"https:\/\/www.sparqbalustrades.nl\/privacyverklaring\/","name":"Datenschutzerkl\u00e4rung SPARQ Balustraden | Ihre Daten sind sicher","isPartOf":{"@id":"https:\/\/www.sparqbalustrades.nl\/#website"},"datePublished":"2024-08-20T19:23:09+00:00","dateModified":"2024-09-03T09:35:02+00:00","description":"In unserer Datenschutzerkl\u00e4rung erfahren Sie, wie SPARQ Ihre pers\u00f6nlichen Daten verarbeitet und sch\u00fctzt. Transparent und in \u00dcbereinstimmung mit der aktuellen Gesetzgebung.","breadcrumb":{"@id":"https:\/\/www.sparqbalustrades.nl\/privacyverklaring\/#breadcrumb"},"inLanguage":"de","potentialAction":[{"@type":"ReadAction","target":["https:\/\/www.sparqbalustrades.nl\/privacyverklaring\/"]}]},{"@type":"BreadcrumbList","@id":"https:\/\/www.sparqbalustrades.nl\/privacyverklaring\/#breadcrumb","itemListElement":[{"@type":"ListItem","position":1,"name":"Home","item":"https:\/\/www.sparqbalustrades.nl\/"},{"@type":"ListItem","position":2,"name":"Privacyverklaring"}]},{"@type":"WebSite","@id":"https:\/\/www.sparqbalustrades.nl\/#website","url":"https:\/\/www.sparqbalustrades.nl\/","name":"SPARQ Balustraden","description":"Weiter schauen","publisher":{"@id":"https:\/\/www.sparqbalustrades.nl\/#organization"},"alternateName":"De specialist in volglasbalustrades","potentialAction":[{"@type":"SearchAction","target":{"@type":"EntryPoint","urlTemplate":"https:\/\/www.sparqbalustrades.nl\/?s={search_term_string}"},"query-input":{"@type":"PropertyValueSpecification","valueRequired":true,"valueName":"search_term_string"}}],"inLanguage":"de"},{"@type":"Organization","@id":"https:\/\/www.sparqbalustrades.nl\/#organization","name":"SPARQ Balustraden","alternateName":"SPARQ Volglasbalustrades","url":"https:\/\/www.sparqbalustrades.nl\/","logo":{"@type":"ImageObject","inLanguage":"de","@id":"https:\/\/www.sparqbalustrades.nl\/#\/schema\/logo\/image\/","url":"https:\/\/www.sparqbalustrades.nl\/wp-content\/uploads\/2024\/08\/team2024.webp","contentUrl":"https:\/\/www.sparqbalustrades.nl\/wp-content\/uploads\/2024\/08\/team2024.webp","width":1920,"height":1080,"caption":"SPARQ Balustrades"},"image":{"@id":"https:\/\/www.sparqbalustrades.nl\/#\/schema\/logo\/image\/"},"sameAs":["https:\/\/www.facebook.com\/profile.php?id=100047334683162","https:\/\/www.instagram.com\/sparqbalustrades\/","https:\/\/nl.pinterest.com\/sparq_balustrades\/","https:\/\/www.youtube.com\/channel\/UCJX3WLp4-Tp8NXgbXmxz_2g","https:\/\/www.linkedin.com\/company\/sparq-balustrades\/"]}]}},"_links":{"self":[{"href":"https:\/\/www.sparqbalustrades.nl\/de\/wp-json\/wp\/v2\/pages\/1664","targetHints":{"allow":["GET"]}}],"collection":[{"href":"https:\/\/www.sparqbalustrades.nl\/de\/wp-json\/wp\/v2\/pages"}],"about":[{"href":"https:\/\/www.sparqbalustrades.nl\/de\/wp-json\/wp\/v2\/types\/page"}],"author":[{"embeddable":true,"href":"https:\/\/www.sparqbalustrades.nl\/de\/wp-json\/wp\/v2\/users\/1"}],"replies":[{"embeddable":true,"href":"https:\/\/www.sparqbalustrades.nl\/de\/wp-json\/wp\/v2\/comments?post=1664"}],"version-history":[{"count":6,"href":"https:\/\/www.sparqbalustrades.nl\/de\/wp-json\/wp\/v2\/pages\/1664\/revisions"}],"predecessor-version":[{"id":1688,"href":"https:\/\/www.sparqbalustrades.nl\/de\/wp-json\/wp\/v2\/pages\/1664\/revisions\/1688"}],"wp:attachment":[{"href":"https:\/\/www.sparqbalustrades.nl\/de\/wp-json\/wp\/v2\/media?parent=1664"}],"curies":[{"name":"wp","href":"https:\/\/api.w.org\/{rel}","templated":true}]}}