{"id":309,"date":"2024-04-30T09:33:29","date_gmt":"2024-04-30T09:33:29","guid":{"rendered":"https:\/\/www.sparqbalustrades.nl\/?page_id=309"},"modified":"2025-01-30T10:32:25","modified_gmt":"2025-01-30T10:32:25","slug":"windlast","status":"publish","type":"page","link":"https:\/\/www.sparqbalustrades.nl\/de\/windbelasting\/","title":{"rendered":"Windlast"},"content":{"rendered":"<p><div class=\"fusion-fullwidth fullwidth-box fusion-builder-row-1 fusion-flex-container has-pattern-background has-mask-background fusion-parallax-none hundred-percent-fullwidth non-hundred-percent-height-scrolling lazyload\" style=\"--awb-border-radius-top-left:0px;--awb-border-radius-top-right:0px;--awb-border-radius-bottom-right:0px;--awb-border-radius-bottom-left:0px;--awb-padding-top:400px;--awb-padding-right:0px;--awb-padding-bottom:0px;--awb-padding-left:0px;--awb-margin-top:0px;--awb-margin-bottom:0px;--awb-background-size:cover;--awb-flex-wrap:wrap;\" data-bg=\"\/wp-content\/uploads\/2024\/05\/balkonhoognieuwbouwwindbelastingpaginaafbeelding.webp\" ><div class=\"fusion-builder-row fusion-row fusion-flex-align-items-flex-start fusion-flex-content-wrap\" style=\"width:104% !important;max-width:104% !important;margin-left: calc(-4% \/ 2 );margin-right: calc(-4% \/ 2 );\"><div class=\"fusion-layout-column fusion_builder_column fusion-builder-column-0 fusion_builder_column_1_2 1_2 fusion-flex-column\" style=\"--awb-padding-top:5%;--awb-padding-right:5%;--awb-padding-bottom:5%;--awb-padding-left:5%;--awb-bg-color:var(--awb-color4);--awb-bg-color-hover:var(--awb-color4);--awb-bg-size:cover;--awb-border-color:var(--awb-color3);--awb-border-style:solid;--awb-width-large:50%;--awb-margin-top-large:0px;--awb-spacing-right-large:3.84%;--awb-margin-bottom-large:0px;--awb-spacing-left-large:3.84%;--awb-width-medium:50%;--awb-order-medium:0;--awb-spacing-right-medium:3.84%;--awb-spacing-left-medium:3.84%;--awb-width-small:100%;--awb-order-small:0;--awb-spacing-right-small:1.92%;--awb-spacing-left-small:1.92%;\"><div class=\"fusion-column-wrapper fusion-column-has-shadow fusion-flex-justify-content-flex-start fusion-content-layout-column\"><div class=\"fusion-text fusion-text-1 fusion-text-no-margin\" style=\"--awb-font-size:25px;--awb-text-color:var(--awb-color1);--awb-margin-top:0px;--awb-margin-right:0px;--awb-margin-bottom:0px;--awb-margin-left:0px;\"><p>Eine sch\u00f6ne Glasbalustrade wirkt leicht und ger\u00e4umig und ist ein \u00fcberraschendes und stilvolles Element in jedem Bauprojekt.<\/p>\n<\/div><\/div><\/div><div class=\"fusion-layout-column fusion_builder_column fusion-builder-column-1 fusion_builder_column_1_1 1_1 fusion-flex-column\" style=\"--awb-padding-right:30px;--awb-padding-left:30px;--awb-bg-color:var(--awb-color5);--awb-bg-color-hover:var(--awb-color5);--awb-bg-size:cover;--awb-width-large:100%;--awb-margin-top-large:0px;--awb-spacing-right-large:1.92%;--awb-margin-bottom-large:0px;--awb-spacing-left-large:1.92%;--awb-width-medium:100%;--awb-order-medium:0;--awb-spacing-right-medium:1.92%;--awb-spacing-left-medium:1.92%;--awb-width-small:100%;--awb-order-small:0;--awb-spacing-right-small:1.92%;--awb-spacing-left-small:1.92%;\"><div class=\"fusion-column-wrapper fusion-column-has-shadow fusion-flex-justify-content-flex-start fusion-content-layout-column\"><div class=\"fusion-text fusion-text-2 fusion-text-no-margin\" style=\"--awb-font-size:20px;--awb-text-color:var(--awb-color1);--awb-margin-top:5px;--awb-margin-right:0px;--awb-margin-bottom:0px;--awb-margin-left:0px;\"><p style=\"text-align: right;\"><span style=\"font-family: SPARQ Bold;\">SPARQ-GEL\u00c4NDER.<\/span> sehen Sie weiter.<\/p>\n<\/div><\/div><\/div><\/div><\/div><div class=\"fusion-fullwidth fullwidth-box fusion-builder-row-2 fusion-flex-container has-pattern-background has-mask-background nonhundred-percent-fullwidth non-hundred-percent-height-scrolling\" style=\"--awb-border-radius-top-left:0px;--awb-border-radius-top-right:0px;--awb-border-radius-bottom-right:0px;--awb-border-radius-bottom-left:0px;--awb-padding-top:100px;--awb-padding-bottom:99px;--awb-background-color:var(--awb-color2);--awb-flex-wrap:wrap;\" ><div class=\"fusion-builder-row fusion-row fusion-flex-align-items-center fusion-flex-content-wrap\" style=\"max-width:1248px;margin-left: calc(-4% \/ 2 );margin-right: calc(-4% \/ 2 );\"><div class=\"fusion-layout-column fusion_builder_column fusion-builder-column-2 fusion_builder_column_1_2 1_2 fusion-flex-column\" style=\"--awb-bg-size:cover;--awb-width-large:50%;--awb-margin-top-large:0px;--awb-spacing-right-large:3.84%;--awb-margin-bottom-large:20px;--awb-spacing-left-large:3.84%;--awb-width-medium:50%;--awb-order-medium:0;--awb-spacing-right-medium:3.84%;--awb-spacing-left-medium:3.84%;--awb-width-small:100%;--awb-order-small:0;--awb-spacing-right-small:1.92%;--awb-spacing-left-small:1.92%;\"><div class=\"fusion-column-wrapper fusion-column-has-shadow fusion-flex-justify-content-flex-start fusion-content-layout-column\"><div class=\"fusion-text fusion-text-3\" style=\"--awb-font-size:25PX;--awb-line-height:1em;--awb-text-color:var(--awb-color5);--awb-margin-top:0px;--awb-margin-right:0px;--awb-margin-left:0px;\"><p><img decoding=\"async\" class=\"lazyload alignnone wp-image-630\" src=\"data:image\/svg+xml,%3Csvg%20xmlns%3D%27http%3A%2F%2Fwww.w3.org%2F2000%2Fsvg%27%20width%3D%27102%27%20height%3D%27102%27%20viewBox%3D%270%200%20102%20102%27%3E%3Crect%20width%3D%27102%27%20height%3D%27102%27%20fill-opacity%3D%220%22%2F%3E%3C%2Fsvg%3E\" data-orig-src=\"\/wp-content\/uploads\/2024\/06\/Windbelasting-2-icon-image.svg\" alt=\"\" width=\"102\" height=\"102\" \/><\/p>\n<h1>Windlasten<\/h1>\n<p>Windlast aus dem 5. Stockwerk<br \/>\nnormativ<\/p>\n<\/div><div class=\"fusion-text fusion-text-4\"><p>Glasgel\u00e4ndersysteme, die nicht f\u00fcr Windlasten ausgelegt sind, stellen bei den immer h\u00e4ufiger auftretenden St\u00fcrmen ein erhebliches Risiko dar. H\u00e4ufig sind sie nicht daf\u00fcr ausgelegt, Belastungen standzuhalten, die \u00fcber die anwendbare Gebrauchslast hinausgehen. Windlasten auf Glasbalustraden sind jedoch bei vielen Au\u00dfenanwendungen die normative Belastung. In einem 5-st\u00f6ckigen Geb\u00e4ude hingegen sind Windlasten f\u00fcr alle Stockwerke die Norm! Mit den L\u00f6sungen von SPARQ finden Sie garantiert eine passende L\u00f6sung!<\/p>\n<\/div><\/div><\/div><div class=\"fusion-layout-column fusion_builder_column fusion-builder-column-3 fusion_builder_column_1_2 1_2 fusion-flex-column\" style=\"--awb-bg-size:cover;--awb-width-large:50%;--awb-margin-top-large:0px;--awb-spacing-right-large:3.84%;--awb-margin-bottom-large:20px;--awb-spacing-left-large:3.84%;--awb-width-medium:50%;--awb-order-medium:0;--awb-spacing-right-medium:3.84%;--awb-spacing-left-medium:3.84%;--awb-width-small:100%;--awb-order-small:0;--awb-spacing-right-small:1.92%;--awb-spacing-left-small:1.92%;\"><div class=\"fusion-column-wrapper fusion-column-has-shadow fusion-flex-justify-content-flex-start fusion-content-layout-column\"><div class=\"fusion-image-element\" style=\"text-align:center;--awb-caption-title-font-family:var(--h2_typography-font-family);--awb-caption-title-font-weight:var(--h2_typography-font-weight);--awb-caption-title-font-style:var(--h2_typography-font-style);--awb-caption-title-size:var(--h2_typography-font-size);--awb-caption-title-transform:var(--h2_typography-text-transform);--awb-caption-title-line-height:var(--h2_typography-line-height);--awb-caption-title-letter-spacing:var(--h2_typography-letter-spacing);\"><span class=\"fusion-imageframe imageframe-none imageframe-1 hover-type-none\"><img decoding=\"async\" width=\"720\" height=\"720\" alt=\"SPARQ Glasbalustraden Glastr\u00e4ger\" title=\"Windbeutel-Image\" src=\"https:\/\/www.sparqbalustrades.nl\/wp-content\/uploads\/2024\/05\/windzakafbeelding.webp\" data-orig-src=\"\/wp-content\/uploads\/2024\/05\/windzakafbeelding.webp\" class=\"lazyload img-responsive wp-image-375\" srcset=\"data:image\/svg+xml,%3Csvg%20xmlns%3D%27http%3A%2F%2Fwww.w3.org%2F2000%2Fsvg%27%20width%3D%27720%27%20height%3D%27720%27%20viewBox%3D%270%200%20720%20720%27%3E%3Crect%20width%3D%27720%27%20height%3D%27720%27%20fill-opacity%3D%220%22%2F%3E%3C%2Fsvg%3E\" data-srcset=\"https:\/\/www.sparqbalustrades.nl\/wp-content\/uploads\/2024\/05\/windzakafbeelding-200x200.webp 200w, https:\/\/www.sparqbalustrades.nl\/wp-content\/uploads\/2024\/05\/windzakafbeelding-400x400.webp 400w, https:\/\/www.sparqbalustrades.nl\/wp-content\/uploads\/2024\/05\/windzakafbeelding-600x600.webp 600w, https:\/\/www.sparqbalustrades.nl\/wp-content\/uploads\/2024\/05\/windzakafbeelding.webp 720w\" data-sizes=\"auto\" data-orig-sizes=\"(max-width: 640px) 100vw, 600px\" \/><\/span><\/div><\/div><\/div><\/div><\/div><div class=\"fusion-fullwidth fullwidth-box fusion-builder-row-3 fusion-flex-container has-pattern-background has-mask-background hundred-percent-fullwidth non-hundred-percent-height-scrolling\" style=\"--awb-border-radius-top-left:0px;--awb-border-radius-top-right:0px;--awb-border-radius-bottom-right:0px;--awb-border-radius-bottom-left:0px;--awb-padding-top:0px;--awb-padding-right:0px;--awb-padding-bottom:0px;--awb-padding-left:0px;--awb-background-color:var(--awb-color2);--awb-flex-wrap:wrap;\" ><div class=\"fusion-builder-row fusion-row fusion-flex-align-items-flex-start fusion-flex-content-wrap\" style=\"width:104% !important;max-width:104% !important;margin-left: calc(-4% \/ 2 );margin-right: calc(-4% \/ 2 );\"><div class=\"fusion-layout-column fusion_builder_column fusion-builder-column-4 fusion_builder_column_1_2 1_2 fusion-flex-column\" style=\"--awb-padding-top:20px;--awb-padding-bottom:20px;--awb-bg-color:var(--awb-color1);--awb-bg-color-hover:var(--awb-color1);--awb-bg-size:cover;--awb-width-large:50%;--awb-margin-top-large:0px;--awb-spacing-right-large:3.84%;--awb-margin-bottom-large:0px;--awb-spacing-left-large:3.84%;--awb-width-medium:50%;--awb-order-medium:0;--awb-spacing-right-medium:3.84%;--awb-spacing-left-medium:3.84%;--awb-width-small:100%;--awb-order-small:0;--awb-spacing-right-small:1.92%;--awb-spacing-left-small:1.92%;\"><div class=\"fusion-column-wrapper fusion-column-has-shadow fusion-flex-justify-content-flex-start fusion-content-layout-column\"><\/div><\/div><\/div><\/div><div class=\"fusion-fullwidth fullwidth-box fusion-builder-row-4 fusion-flex-container has-pattern-background has-mask-background nonhundred-percent-fullwidth non-hundred-percent-height-scrolling\" style=\"--awb-border-radius-top-left:0px;--awb-border-radius-top-right:0px;--awb-border-radius-bottom-right:0px;--awb-border-radius-bottom-left:0px;--awb-padding-top:100px;--awb-padding-bottom:100px;--awb-flex-wrap:wrap;\" ><div class=\"awb-background-pattern\" style=\"background-image:  url();opacity: 1 ;background-size:100%;mix-blend-mode:normal;\"><\/div><div class=\"awb-background-mask\" style=\"background-image:  url(\/wp-content\/uploads\/2024\/05\/atomlinesafbeelding3.svg);opacity: 0.3 ;mix-blend-mode:normal;\"><\/div><div class=\"fusion-builder-row fusion-row fusion-flex-align-items-center fusion-flex-content-wrap\" style=\"max-width:1248px;margin-left: calc(-4% \/ 2 );margin-right: calc(-4% \/ 2 );\"><div class=\"fusion-layout-column fusion_builder_column fusion-builder-column-5 fusion_builder_column_1_2 1_2 fusion-flex-column\" style=\"--awb-bg-size:cover;--awb-width-large:50%;--awb-margin-top-large:0px;--awb-spacing-right-large:3.84%;--awb-margin-bottom-large:50px;--awb-spacing-left-large:3.84%;--awb-width-medium:50%;--awb-order-medium:2;--awb-spacing-right-medium:3.84%;--awb-spacing-left-medium:3.84%;--awb-width-small:100%;--awb-order-small:1;--awb-spacing-right-small:1.92%;--awb-spacing-left-small:1.92%;\"><div class=\"fusion-column-wrapper fusion-column-has-shadow fusion-flex-justify-content-flex-start fusion-content-layout-column\"><div class=\"fusion-text fusion-text-5\"><h2>Laden Sie unsere kostenlose Brosch\u00fcre herunter!<\/h2>\n<p>Entdecken Sie die hochwertigen Glasbalustraden von SPARQ Balustrades, d<span style=\"color: var(--awb-text-color); font-family: var(--awb-text-font-family); font-size: var(--awb-font-size); font-style: var(--awb-text-font-style); font-weight: var(--awb-text-font-weight); letter-spacing: var(--awb-letter-spacing); text-align: var(--awb-content-alignment); text-transform: var(--awb-text-transform); background-color: var(--awb-bg-color-hover);\">ie perfekte Erg\u00e4nzung f\u00fcr jedes Wohn- oder Arbeitsumfeld.<\/span><\/p>\n<p>Laden Sie unsere Brosch\u00fcre jetzt kostenlos auf unserer Download-Seite herunter und lassen Sie sich von unseren innovativen Designs und zuverl\u00e4ssigen L\u00f6sungen inspirieren.<\/p>\n<\/div><div ><a class=\"fusion-button button-flat fusion-button-default-size button-default fusion-button-default button-1 fusion-button-default-span fusion-button-default-type\" target=\"_blank\" rel=\"noopener noreferrer\" href=\"\/de\/downloads\/\"><span class=\"fusion-button-text awb-button__text awb-button__text--default\">Zur Download-Seite!<\/span><\/a><\/div><\/div><\/div><div class=\"fusion-layout-column fusion_builder_column fusion-builder-column-6 fusion_builder_column_1_2 1_2 fusion-flex-column\" style=\"--awb-bg-size:cover;--awb-width-large:50%;--awb-margin-top-large:30px;--awb-spacing-right-large:3.84%;--awb-margin-bottom-large:20px;--awb-spacing-left-large:3.84%;--awb-width-medium:50%;--awb-order-medium:1;--awb-spacing-right-medium:3.84%;--awb-spacing-left-medium:3.84%;--awb-width-small:100%;--awb-order-small:0;--awb-spacing-right-small:1.92%;--awb-margin-bottom-small:50px;--awb-spacing-left-small:1.92%;\"><div class=\"fusion-column-wrapper fusion-column-has-shadow fusion-flex-justify-content-flex-start fusion-content-layout-column\"><div class=\"fusion-image-element\" style=\"--awb-caption-title-font-family:var(--h2_typography-font-family);--awb-caption-title-font-weight:var(--h2_typography-font-weight);--awb-caption-title-font-style:var(--h2_typography-font-style);--awb-caption-title-size:var(--h2_typography-font-size);--awb-caption-title-transform:var(--h2_typography-text-transform);--awb-caption-title-line-height:var(--h2_typography-line-height);--awb-caption-title-letter-spacing:var(--h2_typography-letter-spacing);\"><span class=\"fusion-imageframe imageframe-none imageframe-2 hover-type-none\"><img decoding=\"async\" width=\"600\" height=\"600\" title=\"mehrsprachige-Downloads\" src=\"https:\/\/www.sparqbalustrades.nl\/wp-content\/uploads\/2024\/04\/multiligual-downloads.webp\" data-orig-src=\"\/wp-content\/uploads\/2024\/04\/multiligual-downloads.webp\" alt class=\"lazyload img-responsive wp-image-336\" srcset=\"data:image\/svg+xml,%3Csvg%20xmlns%3D%27http%3A%2F%2Fwww.w3.org%2F2000%2Fsvg%27%20width%3D%27600%27%20height%3D%27600%27%20viewBox%3D%270%200%20600%20600%27%3E%3Crect%20width%3D%27600%27%20height%3D%27600%27%20fill-opacity%3D%220%22%2F%3E%3C%2Fsvg%3E\" data-srcset=\"https:\/\/www.sparqbalustrades.nl\/wp-content\/uploads\/2024\/04\/multiligual-downloads-200x200.webp 200w, https:\/\/www.sparqbalustrades.nl\/wp-content\/uploads\/2024\/04\/multiligual-downloads-400x400.webp 400w, https:\/\/www.sparqbalustrades.nl\/wp-content\/uploads\/2024\/04\/multiligual-downloads.webp 600w\" data-sizes=\"auto\" data-orig-sizes=\"(max-width: 640px) 100vw, 600px\" \/><\/span><\/div><\/div><\/div><\/div><\/div>\n<\/p>","protected":false},"excerpt":{"rendered":"","protected":false},"author":1,"featured_media":0,"parent":0,"menu_order":29,"comment_status":"closed","ping_status":"closed","template":"100-width.php","meta":{"footnotes":""},"class_list":["post-309","page","type-page","status-publish","hentry"],"yoast_head":"<!-- This site is optimized with the Yoast SEO plugin v27.5 - https:\/\/yoast.com\/product\/yoast-seo-wordpress\/ -->\n<title>SPARQ Balustrades | Glasbalustrades voor Windbelasting<\/title>\n<meta name=\"description\" content=\"SPARQ glasbalustrades zijn ontworpen om windbelastingen vanaf de 5e verdieping te weerstaan. Download onze brochure voor meer info!\" \/>\n<meta name=\"robots\" content=\"index, follow, max-snippet:-1, max-image-preview:large, max-video-preview:-1\" \/>\n<link rel=\"canonical\" href=\"https:\/\/www.sparqbalustrades.nl\/de\/windlast\/\" \/>\n<meta property=\"og:locale\" content=\"de_DE\" \/>\n<meta property=\"og:type\" content=\"article\" \/>\n<meta property=\"og:title\" content=\"SPARQ Balustrades | Glasbalustrades voor Windbelasting\" \/>\n<meta property=\"og:description\" content=\"SPARQ glasbalustrades zijn ontworpen om windbelastingen vanaf de 5e verdieping te weerstaan. Download onze brochure voor meer info!\" \/>\n<meta property=\"og:url\" content=\"https:\/\/www.sparqbalustrades.nl\/de\/windlast\/\" \/>\n<meta property=\"og:site_name\" content=\"SPARQ Balustrades\" \/>\n<meta property=\"article:publisher\" content=\"https:\/\/www.facebook.com\/profile.php?id=100047334683162\" \/>\n<meta property=\"article:modified_time\" content=\"2025-01-30T10:32:25+00:00\" \/>\n<meta property=\"og:image\" content=\"https:\/\/www.sparqbalustrades.nl\/wp-content\/uploads\/2024\/08\/team2024.webp\" \/>\n\t<meta property=\"og:image:width\" content=\"1920\" \/>\n\t<meta property=\"og:image:height\" content=\"1080\" \/>\n\t<meta property=\"og:image:type\" content=\"image\/webp\" \/>\n<meta name=\"twitter:card\" content=\"summary_large_image\" \/>\n<meta name=\"twitter:label1\" content=\"Gesch\u00e4tzte Lesezeit\" \/>\n\t<meta name=\"twitter:data1\" content=\"1\u00a0Minute\" \/>\n<script type=\"application\/ld+json\" class=\"yoast-schema-graph\">{\"@context\":\"https:\\\/\\\/schema.org\",\"@graph\":[{\"@type\":\"WebPage\",\"@id\":\"https:\\\/\\\/www.sparqbalustrades.nl\\\/windbelasting\\\/\",\"url\":\"https:\\\/\\\/www.sparqbalustrades.nl\\\/windbelasting\\\/\",\"name\":\"SPARQ Balustrades | Glasbalustrades voor Windbelasting\",\"isPartOf\":{\"@id\":\"https:\\\/\\\/www.sparqbalustrades.nl\\\/#website\"},\"datePublished\":\"2024-04-30T09:33:29+00:00\",\"dateModified\":\"2025-01-30T10:32:25+00:00\",\"description\":\"SPARQ glasbalustrades zijn ontworpen om windbelastingen vanaf de 5e verdieping te weerstaan. Download onze brochure voor meer info!\",\"breadcrumb\":{\"@id\":\"https:\\\/\\\/www.sparqbalustrades.nl\\\/windbelasting\\\/#breadcrumb\"},\"inLanguage\":\"de\",\"potentialAction\":[{\"@type\":\"ReadAction\",\"target\":[\"https:\\\/\\\/www.sparqbalustrades.nl\\\/windbelasting\\\/\"]}]},{\"@type\":\"BreadcrumbList\",\"@id\":\"https:\\\/\\\/www.sparqbalustrades.nl\\\/windbelasting\\\/#breadcrumb\",\"itemListElement\":[{\"@type\":\"ListItem\",\"position\":1,\"name\":\"Home\",\"item\":\"https:\\\/\\\/www.sparqbalustrades.nl\\\/\"},{\"@type\":\"ListItem\",\"position\":2,\"name\":\"Windbelasting\"}]},{\"@type\":\"WebSite\",\"@id\":\"https:\\\/\\\/www.sparqbalustrades.nl\\\/#website\",\"url\":\"https:\\\/\\\/www.sparqbalustrades.nl\\\/\",\"name\":\"SPARQ Balustrades\",\"description\":\"Look Further\",\"publisher\":{\"@id\":\"https:\\\/\\\/www.sparqbalustrades.nl\\\/#organization\"},\"alternateName\":\"De specialist in volglasbalustrades\",\"potentialAction\":[{\"@type\":\"SearchAction\",\"target\":{\"@type\":\"EntryPoint\",\"urlTemplate\":\"https:\\\/\\\/www.sparqbalustrades.nl\\\/?s={search_term_string}\"},\"query-input\":{\"@type\":\"PropertyValueSpecification\",\"valueRequired\":true,\"valueName\":\"search_term_string\"}}],\"inLanguage\":\"de\"},{\"@type\":\"Organization\",\"@id\":\"https:\\\/\\\/www.sparqbalustrades.nl\\\/#organization\",\"name\":\"SPARQ Balustrades\",\"alternateName\":\"SPARQ Volglasbalustrades\",\"url\":\"https:\\\/\\\/www.sparqbalustrades.nl\\\/\",\"logo\":{\"@type\":\"ImageObject\",\"inLanguage\":\"de\",\"@id\":\"https:\\\/\\\/www.sparqbalustrades.nl\\\/#\\\/schema\\\/logo\\\/image\\\/\",\"url\":\"https:\\\/\\\/www.sparqbalustrades.nl\\\/wp-content\\\/uploads\\\/2024\\\/08\\\/team2024.webp\",\"contentUrl\":\"https:\\\/\\\/www.sparqbalustrades.nl\\\/wp-content\\\/uploads\\\/2024\\\/08\\\/team2024.webp\",\"width\":1920,\"height\":1080,\"caption\":\"SPARQ Balustrades\"},\"image\":{\"@id\":\"https:\\\/\\\/www.sparqbalustrades.nl\\\/#\\\/schema\\\/logo\\\/image\\\/\"},\"sameAs\":[\"https:\\\/\\\/www.facebook.com\\\/profile.php?id=100047334683162\",\"https:\\\/\\\/www.instagram.com\\\/sparqbalustrades\\\/\",\"https:\\\/\\\/nl.pinterest.com\\\/sparq_balustrades\\\/\",\"https:\\\/\\\/www.youtube.com\\\/channel\\\/UCJX3WLp4-Tp8NXgbXmxz_2g\",\"https:\\\/\\\/www.linkedin.com\\\/company\\\/sparq-balustrades\\\/\"]}]}<\/script>\n<!-- \/ Yoast SEO plugin. -->","yoast_head_json":{"title":"SPARQ Balustraden | Glasbalustraden f\u00fcr Windlast","description":"SPARQ-Glasbalustraden sind so konzipiert, dass sie Windlasten ab dem 5. Stockwerk standhalten. Laden Sie unsere Brosch\u00fcre f\u00fcr weitere Informationen herunter!","robots":{"index":"index","follow":"follow","max-snippet":"max-snippet:-1","max-image-preview":"max-image-preview:large","max-video-preview":"max-video-preview:-1"},"canonical":"https:\/\/www.sparqbalustrades.nl\/de\/windlast\/","og_locale":"de_DE","og_type":"article","og_title":"SPARQ Balustrades | Glasbalustrades voor Windbelasting","og_description":"SPARQ glasbalustrades zijn ontworpen om windbelastingen vanaf de 5e verdieping te weerstaan. Download onze brochure voor meer info!","og_url":"https:\/\/www.sparqbalustrades.nl\/de\/windlast\/","og_site_name":"SPARQ Balustrades","article_publisher":"https:\/\/www.facebook.com\/profile.php?id=100047334683162","article_modified_time":"2025-01-30T10:32:25+00:00","og_image":[{"width":1920,"height":1080,"url":"https:\/\/www.sparqbalustrades.nl\/wp-content\/uploads\/2024\/08\/team2024.webp","type":"image\/webp"}],"twitter_card":"summary_large_image","twitter_misc":{"Gesch\u00e4tzte Lesezeit":"1\u00a0Minute"},"schema":{"@context":"https:\/\/schema.org","@graph":[{"@type":"WebPage","@id":"https:\/\/www.sparqbalustrades.nl\/windbelasting\/","url":"https:\/\/www.sparqbalustrades.nl\/windbelasting\/","name":"SPARQ Balustraden | Glasbalustraden f\u00fcr Windlast","isPartOf":{"@id":"https:\/\/www.sparqbalustrades.nl\/#website"},"datePublished":"2024-04-30T09:33:29+00:00","dateModified":"2025-01-30T10:32:25+00:00","description":"SPARQ-Glasbalustraden sind so konzipiert, dass sie Windlasten ab dem 5. Stockwerk standhalten. Laden Sie unsere Brosch\u00fcre f\u00fcr weitere Informationen herunter!","breadcrumb":{"@id":"https:\/\/www.sparqbalustrades.nl\/windbelasting\/#breadcrumb"},"inLanguage":"de","potentialAction":[{"@type":"ReadAction","target":["https:\/\/www.sparqbalustrades.nl\/windbelasting\/"]}]},{"@type":"BreadcrumbList","@id":"https:\/\/www.sparqbalustrades.nl\/windbelasting\/#breadcrumb","itemListElement":[{"@type":"ListItem","position":1,"name":"Home","item":"https:\/\/www.sparqbalustrades.nl\/"},{"@type":"ListItem","position":2,"name":"Windbelasting"}]},{"@type":"WebSite","@id":"https:\/\/www.sparqbalustrades.nl\/#website","url":"https:\/\/www.sparqbalustrades.nl\/","name":"SPARQ Balustraden","description":"Weiter schauen","publisher":{"@id":"https:\/\/www.sparqbalustrades.nl\/#organization"},"alternateName":"De specialist in volglasbalustrades","potentialAction":[{"@type":"SearchAction","target":{"@type":"EntryPoint","urlTemplate":"https:\/\/www.sparqbalustrades.nl\/?s={search_term_string}"},"query-input":{"@type":"PropertyValueSpecification","valueRequired":true,"valueName":"search_term_string"}}],"inLanguage":"de"},{"@type":"Organization","@id":"https:\/\/www.sparqbalustrades.nl\/#organization","name":"SPARQ Balustraden","alternateName":"SPARQ Volglasbalustrades","url":"https:\/\/www.sparqbalustrades.nl\/","logo":{"@type":"ImageObject","inLanguage":"de","@id":"https:\/\/www.sparqbalustrades.nl\/#\/schema\/logo\/image\/","url":"https:\/\/www.sparqbalustrades.nl\/wp-content\/uploads\/2024\/08\/team2024.webp","contentUrl":"https:\/\/www.sparqbalustrades.nl\/wp-content\/uploads\/2024\/08\/team2024.webp","width":1920,"height":1080,"caption":"SPARQ Balustrades"},"image":{"@id":"https:\/\/www.sparqbalustrades.nl\/#\/schema\/logo\/image\/"},"sameAs":["https:\/\/www.facebook.com\/profile.php?id=100047334683162","https:\/\/www.instagram.com\/sparqbalustrades\/","https:\/\/nl.pinterest.com\/sparq_balustrades\/","https:\/\/www.youtube.com\/channel\/UCJX3WLp4-Tp8NXgbXmxz_2g","https:\/\/www.linkedin.com\/company\/sparq-balustrades\/"]}]}},"_links":{"self":[{"href":"https:\/\/www.sparqbalustrades.nl\/de\/wp-json\/wp\/v2\/pages\/309","targetHints":{"allow":["GET"]}}],"collection":[{"href":"https:\/\/www.sparqbalustrades.nl\/de\/wp-json\/wp\/v2\/pages"}],"about":[{"href":"https:\/\/www.sparqbalustrades.nl\/de\/wp-json\/wp\/v2\/types\/page"}],"author":[{"embeddable":true,"href":"https:\/\/www.sparqbalustrades.nl\/de\/wp-json\/wp\/v2\/users\/1"}],"replies":[{"embeddable":true,"href":"https:\/\/www.sparqbalustrades.nl\/de\/wp-json\/wp\/v2\/comments?post=309"}],"version-history":[{"count":3,"href":"https:\/\/www.sparqbalustrades.nl\/de\/wp-json\/wp\/v2\/pages\/309\/revisions"}],"predecessor-version":[{"id":1947,"href":"https:\/\/www.sparqbalustrades.nl\/de\/wp-json\/wp\/v2\/pages\/309\/revisions\/1947"}],"wp:attachment":[{"href":"https:\/\/www.sparqbalustrades.nl\/de\/wp-json\/wp\/v2\/media?parent=309"}],"curies":[{"name":"wp","href":"https:\/\/api.w.org\/{rel}","templated":true}]}}